{"id":3829,"date":"2023-12-06T10:31:57","date_gmt":"2023-12-06T09:31:57","guid":{"rendered":"https:\/\/www.riskreporter.eu\/a-propos-de\/"},"modified":"2024-03-18T11:43:16","modified_gmt":"2024-03-18T10:43:16","slug":"a-propos-de","status":"publish","type":"page","link":"https:\/\/www.riskreporter.eu\/fr\/a-propos-de\/","title":{"rendered":"\u00c0 propos de"},"content":{"rendered":"<p><div id='av_section_1'  class='avia-section av-m2vodw-ad13d94a7ce5f3eceed168be98afa144 main_color avia-section-default avia-no-border-styling  avia-builder-el-0  el_before_av_section  avia-builder-el-first  vdlp-header avia-bg-style-scroll container_wrap sidebar_right'  ><div class='container av-section-cont-open' ><main  role=\"main\" itemprop=\"mainContentOfPage\"  class='template-page content  av-content-small alpha units'><div class='post-entry post-entry-type-page post-entry-3829'><div class='entry-content-wrapper clearfix'>\n<div class='flex_column_table av-k7r1xg-eaa110e1ac8ce53aa5bba7cef3747d3b sc-av_three_fifth av-equal-height-column-flextable'>\n<style type=\"text\/css\" data-created_by=\"avia_inline_auto\" id=\"style-css-av-k7r1xg-eaa110e1ac8ce53aa5bba7cef3747d3b\">\n.flex_column.av-k7r1xg-eaa110e1ac8ce53aa5bba7cef3747d3b{\nborder-radius:0px 0px 0px 0px;\npadding:0px 0px 0px 0px;\n}\n<\/style>\n<div  class='flex_column av-k7r1xg-eaa110e1ac8ce53aa5bba7cef3747d3b av_three_fifth  avia-builder-el-1  el_before_av_two_fifth  avia-builder-el-first  first flex_column_table_cell av-equal-height-column av-align-middle av-zero-column-padding  '     ><style type=\"text\/css\" data-created_by=\"avia_inline_auto\" id=\"style-css-av-lqqmtteu-c346b7661fc05d2cb3503c028a5c7ea5\">\n#top .av-special-heading.av-lqqmtteu-c346b7661fc05d2cb3503c028a5c7ea5{\npadding-bottom:10px;\n}\nbody .av-special-heading.av-lqqmtteu-c346b7661fc05d2cb3503c028a5c7ea5 .av-special-heading-tag .heading-char{\nfont-size:25px;\n}\n.av-special-heading.av-lqqmtteu-c346b7661fc05d2cb3503c028a5c7ea5 .av-subheading{\nfont-size:15px;\n}\n<\/style>\n<div  class='av-special-heading av-lqqmtteu-c346b7661fc05d2cb3503c028a5c7ea5 av-special-heading-h1 blockquote modern-quote  avia-builder-el-2  el_before_av_textblock  avia-builder-el-first  av-linked-heading'><h1 class='av-special-heading-tag '  itemprop=\"headline\"  >\u00c0 propos de Riskreporter<\/h1><div class='av-subheading av-subheading_below'><p>Notre mission : une Europe propre et s\u00fbre pour tous.<\/p>\n<\/div><div class=\"special-heading-border\"><div class=\"special-heading-inner-border\"><\/div><\/div><\/div><br \/>\n<section  class='av_textblock_section av-lqqmuisq-ed64170724c4024b93bf38d5c7507552 '   itemscope=\"itemscope\" itemtype=\"https:\/\/schema.org\/CreativeWork\" ><div class='avia_textblock'  itemprop=\"text\" ><p>Riskreporter est un produit de Lexerta, l&rsquo;organisation sp\u00e9cialis\u00e9e depuis des ann\u00e9es dans les lois et r\u00e9glementations internationales et dans la cr\u00e9ation d&rsquo;un monde en toute s\u00e9curit\u00e9 et le plus propre possible. Ensemble, nous sommes le partenaire id\u00e9al dans le domaine de la conformit\u00e9 QHSE. Pour plus d&rsquo;informations, consultez le site <a href=\"https:\/\/lexerta.com\">lexerta.com<\/a>.<\/p>\n<\/div><\/section><br \/>\n<div  class='avia-buttonrow-wrap av-lr5114ae-aaddaf641d375e6145ecef3660094999 avia-buttonrow-left  avia-builder-el-4  el_after_av_textblock  avia-builder-el-last '>\n\n<style type=\"text\/css\" data-created_by=\"avia_inline_auto\" id=\"style-css-av-1ulm2s-e9b590fa5ffd7af639781a15b773734d\">\n#top #wrap_all .avia-button.av-1ulm2s-e9b590fa5ffd7af639781a15b773734d{\nmargin-bottom:16px;\nmargin-right:16px;\n}\n<\/style>\n<a href='https:\/\/www.riskreporter.eu\/fr\/periode-dessai-gratuite\/'  class='avia-button av-1ulm2s-e9b590fa5ffd7af639781a15b773734d avia-icon_select-no avia-size-medium avia-color-theme-color'   aria-label=\"P\u00e9riode d&#039;essai gratuite \"><span class='avia_iconbox_title' >P\u00e9riode d&#039;essai gratuite <\/span><\/a>\n\n<style type=\"text\/css\" data-created_by=\"avia_inline_auto\" id=\"style-css-av-lr5113ta-ca5debb32b36cb3d75d61a003b5c1729\">\n#top #wrap_all .avia-button.av-lr5113ta-ca5debb32b36cb3d75d61a003b5c1729{\nmargin-bottom:16px;\nmargin-right:16px;\n}\n<\/style>\n<a href='https:\/\/www.riskreporter.eu\/fr\/pourquoi-riskreporter\/'  class='avia-button av-lr5113ta-ca5debb32b36cb3d75d61a003b5c1729 avia-icon_select-no avia-size-medium avia-color-theme-color-subtle'   aria-label=\"Pourquoi Riskreporter\"><span class='avia_iconbox_title' >Pourquoi Riskreporter<\/span><\/a>\n<\/div><\/p><\/div><div class='av-flex-placeholder'><\/div><div  class='flex_column av-1zd2x0-3d7c4de30ab26d3b948f95a0e2547eea av_two_fifth  avia-builder-el-5  el_after_av_three_fifth  avia-builder-el-last  flex_column_table_cell av-equal-height-column av-align-middle  '     ><\/div><\/div><!--close column table wrapper. Autoclose: 1 -->\n<\/div><\/div><\/main><!-- close content main element --><\/div><\/div><div id='av_section_2'  class='avia-section av-2vvk9g-e667a9dde7f0e4d354c9cb296c686d0d main_color avia-section-default avia-no-border-styling  avia-builder-el-6  el_after_av_section  el_before_av_section  avia-bg-style-scroll container_wrap sidebar_right'  ><div class='container av-section-cont-open' ><div class='template-page content  av-content-small alpha units'><div class='post-entry post-entry-type-page post-entry-3829'><div class='entry-content-wrapper clearfix'>\n<div  class='flex_column av-s2mb5g-88c2ac8cf443be018e538ac4e9944971 av_one_fourth  avia-builder-el-7  el_before_av_one_fourth  avia-builder-el-first  first flex_column_div  '     ><div  class=\"avia-animated-number av-p3u038-6debca00dd15ec3093d2c2bc8284e3b7 av-force-default-color avia_animate_when_visible  avia-builder-el-8  avia-builder-el-no-sibling  \" data-timer=\"3000\"><strong class=\"heading avia-animated-number-title\"><span class=\"avia-single-number __av-single-number\" data-number_format=\"\" data-number=\"46\" data-start_from=\"0\">46<\/span><span class=\"avia-no-number\">k<\/span><\/strong><div class=\"avia-animated-number-content\"><p>utilisateurs dans le monde<\/p>\n<\/div><\/div><\/div><div  class='flex_column av-o2k9mc-70962707f759e529e5ce2722f52980ea av_one_fourth  avia-builder-el-9  el_after_av_one_fourth  el_before_av_one_fourth  flex_column_div  '     ><div  class=\"avia-animated-number av-n1ktis-5adb6c7f80db6a0e33f492e49c0c0071 av-force-default-color avia_animate_when_visible  avia-builder-el-10  avia-builder-el-no-sibling  \" data-timer=\"3000\"><strong class=\"heading avia-animated-number-title\"><span class=\"avia-single-number __av-single-number\" data-number_format=\"\" data-number=\"158\" data-start_from=\"0\">158<\/span><\/strong><div class=\"avia-animated-number-content\"><p>pays o\u00f9 l&rsquo;appli est activement utilis\u00e9e<\/p>\n<\/div><\/div><\/div><div  class='flex_column av-kg6zac-8f64cd5dc620c4c429fee75bf6353ebe av_one_fourth  avia-builder-el-11  el_after_av_one_fourth  el_before_av_one_fourth  flex_column_div  '     ><div  class=\"avia-animated-number av-ikfun8-7c9358d7de3d0826d73eac893d42ce53 av-force-default-color avia_animate_when_visible  avia-builder-el-12  avia-builder-el-no-sibling  \" data-timer=\"3000\"><strong class=\"heading avia-animated-number-title\"><span class=\"avia-single-number __av-single-number\" data-number_format=\"\" data-number=\"70\" data-start_from=\"0\">70<\/span><\/strong><div class=\"avia-animated-number-content\"><p>risques signal\u00e9s tous les jours<\/p>\n<\/div><\/div><\/div><div  class='flex_column av-h3tzms-a99f16519048ea7ae8a3079c0079b12f av_one_fourth  avia-builder-el-13  el_after_av_one_fourth  avia-builder-el-last  flex_column_div  '     ><div  class=\"avia-animated-number av-fdtoz8-9237908a7a07788c1fd4ea4f95482ebd av-force-default-color avia_animate_when_visible  avia-builder-el-14  avia-builder-el-no-sibling  \" data-timer=\"3000\"><strong class=\"heading avia-animated-number-title\"><span class=\"avia-single-number __av-single-number\" data-number_format=\"\" data-number=\"26\" data-start_from=\"0\">26<\/span><span class=\"avia-no-number\">k<\/span><\/strong><div class=\"avia-animated-number-content\"><p>notifications par an<\/p>\n<\/div><\/div><\/div>\n<\/p>\n<\/div><\/div><\/div><!-- close content main div --><\/div><\/div>\n<style type=\"text\/css\" data-created_by=\"avia_inline_auto\" id=\"style-css-av-e2isys-ee6cb5bf3ef223ebe862a333def8adbe\">\n.avia-section.av-e2isys-ee6cb5bf3ef223ebe862a333def8adbe{\nbackground-color:#e9e5e0;\nbackground-image:unset;\n}\n<\/style>\n<div id='av_section_3'  class='avia-section av-e2isys-ee6cb5bf3ef223ebe862a333def8adbe main_color avia-section-large avia-no-border-styling  avia-builder-el-15  el_after_av_section  el_before_av_section  vdlp-section-bg invalid-custom-class-found avia-bg-style-scroll container_wrap sidebar_right'  ><div class='container av-section-cont-open' ><div class='template-page content  av-content-small alpha units'><div class='post-entry post-entry-type-page post-entry-3829'><div class='entry-content-wrapper clearfix'>\n<div class='flex_column_table av-c4gxxg-4699f22565bfb9cfade81ec653b61b43 sc-av_one_half av-equal-height-column-flextable'>\n<style type=\"text\/css\" data-created_by=\"avia_inline_auto\" id=\"style-css-av-c4gxxg-4699f22565bfb9cfade81ec653b61b43\">\n.flex_column.av-c4gxxg-4699f22565bfb9cfade81ec653b61b43{\nborder-radius:0px 0px 0px 0px;\npadding:0px 0px 0px 0px;\n}\n<\/style>\n<div  class='flex_column av-c4gxxg-4699f22565bfb9cfade81ec653b61b43 av_one_half  avia-builder-el-16  el_before_av_one_half  avia-builder-el-first  first flex_column_table_cell av-equal-height-column av-align-top av-zero-column-padding  '     ><p>\n<style type=\"text\/css\" data-created_by=\"avia_inline_auto\" id=\"style-css-av-lseh016p-3eb9a380de46e64d4b1c38cdced83de0\">\n#top .av-special-heading.av-lseh016p-3eb9a380de46e64d4b1c38cdced83de0{\npadding-bottom:10px;\n}\nbody .av-special-heading.av-lseh016p-3eb9a380de46e64d4b1c38cdced83de0 .av-special-heading-tag .heading-char{\nfont-size:25px;\n}\n.av-special-heading.av-lseh016p-3eb9a380de46e64d4b1c38cdced83de0 .av-subheading{\nfont-size:15px;\n}\n<\/style>\n<div  class='av-special-heading av-lseh016p-3eb9a380de46e64d4b1c38cdced83de0 av-special-heading-h3 blockquote modern-quote  avia-builder-el-17  el_before_av_textblock  avia-builder-el-first  av-linked-heading'><h3 class='av-special-heading-tag '  itemprop=\"headline\"  >Riskreporter ; un produit Lexerta<\/h3><div class=\"special-heading-border\"><div class=\"special-heading-inner-border\"><\/div><\/div><\/div><br \/>\n<section  class='av_textblock_section av-lsegyt66-67cbe255270769262c8fbb6fd03ffcf0 '   itemscope=\"itemscope\" itemtype=\"https:\/\/schema.org\/CreativeWork\" ><div class='avia_textblock'  itemprop=\"text\" ><p>Lexerta est \u00e0 la disposition des organisations pr\u00e9sentant des risques environnementaux et de s\u00e9curit\u00e9 qui ont un impact sur les employ\u00e9s, les clients et leur entourage.&nbsp; Elles peuvent compter sur nos connaissances et nos outils dans les domaines de la sant\u00e9, de la s\u00fbret\u00e9, de l&rsquo;environnement, de l&rsquo;\u00e9nergie et de la s\u00e9curit\u00e9 alimentaire.&nbsp;<em>Un environnement de travail et de vie propre pour tous.<\/em><\/p>\n<\/div><\/section><\/p><\/div><div class='av-flex-placeholder'><\/div>\n<style type=\"text\/css\" data-created_by=\"avia_inline_auto\" id=\"style-css-av-ae1004-1c473123f403ca9b30923969ab144ed8\">\n.flex_column.av-ae1004-1c473123f403ca9b30923969ab144ed8{\nborder-radius:0px 0px 0px 0px;\npadding:0px 0px 0px 0px;\nheight:150px;\n}\n<\/style>\n<div  class='flex_column av-ae1004-1c473123f403ca9b30923969ab144ed8 av_one_half  avia-builder-el-19  el_after_av_one_half  avia-builder-el-last  vdlp-mobile-first flex_column_table_cell av-equal-height-column av-align-top av-zero-column-padding  '     ><style type=\"text\/css\" data-created_by=\"avia_inline_auto\" id=\"style-css-av-8v6rh0-5caa77ce21fb6e44e2c5c3a5831f84a5\">\n.avia-image-container.av-8v6rh0-5caa77ce21fb6e44e2c5c3a5831f84a5 img.avia_image{\nbox-shadow:none;\n}\n.avia-image-container.av-8v6rh0-5caa77ce21fb6e44e2c5c3a5831f84a5 .av-image-caption-overlay-center{\ncolor:#ffffff;\n}\n<\/style>\n<div  class='avia-image-container av-8v6rh0-5caa77ce21fb6e44e2c5c3a5831f84a5 av-styling- avia-align-  avia-builder-el-20  avia-builder-el-no-sibling  vdlp-100-width vdlp-round-corners'   itemprop=\"image\" itemscope=\"itemscope\" itemtype=\"https:\/\/schema.org\/ImageObject\" ><div class=\"avia-image-container-inner\"><div class=\"avia-image-overlay-wrap\"><img decoding=\"async\" fetchpriority=\"high\" class='wp-image-4386 avia-img-lazy-loading-not-4386 avia_image ' src=\"https:\/\/www.riskreporter.eu\/wp-content\/uploads\/2024\/02\/shutterstock_1914280714.webp\" alt='' title=''  height=\"1125\" width=\"1920\"  itemprop=\"thumbnailUrl\" srcset=\"https:\/\/www.riskreporter.eu\/wp-content\/uploads\/2024\/02\/shutterstock_1914280714.webp 1920w, https:\/\/www.riskreporter.eu\/wp-content\/uploads\/2024\/02\/shutterstock_1914280714-300x176.webp 300w, https:\/\/www.riskreporter.eu\/wp-content\/uploads\/2024\/02\/shutterstock_1914280714-1030x604.webp 1030w, https:\/\/www.riskreporter.eu\/wp-content\/uploads\/2024\/02\/shutterstock_1914280714-1536x900.webp 1536w, https:\/\/www.riskreporter.eu\/wp-content\/uploads\/2024\/02\/shutterstock_1914280714-705x413.webp 705w\" sizes=\"(max-width: 1920px) 100vw, 1920px\" \/><\/div><\/div><\/div><\/div><\/div><!--close column table wrapper. Autoclose: 1 -->\n\n<\/div><\/div><\/div><!-- close content main div --><\/div><\/div><div id='av_section_4'  class='avia-section av-qmkis-71c16fec944624931d705a27ba126a27 main_color avia-section-large avia-no-border-styling  avia-builder-el-21  el_after_av_section  el_before_av_section  avia-bg-style-scroll container_wrap sidebar_right'  ><div class='container av-section-cont-open' ><div class='template-page content  av-content-small alpha units'><div class='post-entry post-entry-type-page post-entry-3829'><div class='entry-content-wrapper clearfix'>\n<div class='flex_column_table av-2f8hwk-124a91788d54b7b79391a627f5ffe393 sc-av_one_half av-equal-height-column-flextable'>\n<style type=\"text\/css\" data-created_by=\"avia_inline_auto\" id=\"style-css-av-2f8hwk-124a91788d54b7b79391a627f5ffe393\">\n.flex_column.av-2f8hwk-124a91788d54b7b79391a627f5ffe393{\nborder-radius:0px 0px 0px 0px;\npadding:0px 0px 0px 0px;\nheight:150px;\n}\n<\/style>\n<div  class='flex_column av-2f8hwk-124a91788d54b7b79391a627f5ffe393 av_one_half  avia-builder-el-22  el_before_av_one_half  avia-builder-el-first  vdlp-mobile-first first flex_column_table_cell av-equal-height-column av-align-top av-zero-column-padding  '     ><style type=\"text\/css\" data-created_by=\"avia_inline_auto\" id=\"style-css-av-lt5z7885-10c796ad9fbb762e8724f349af98ad7a\">\n.avia-image-container.av-lt5z7885-10c796ad9fbb762e8724f349af98ad7a img.avia_image{\nbox-shadow:none;\n}\n.avia-image-container.av-lt5z7885-10c796ad9fbb762e8724f349af98ad7a .av-image-caption-overlay-center{\ncolor:#ffffff;\n}\n<\/style>\n<div  class='avia-image-container av-lt5z7885-10c796ad9fbb762e8724f349af98ad7a av-styling- avia-align-  avia-builder-el-23  avia-builder-el-no-sibling  vdlp-100-width vdlp-round-corners'   itemprop=\"image\" itemscope=\"itemscope\" itemtype=\"https:\/\/schema.org\/ImageObject\" ><div class=\"avia-image-container-inner\"><div class=\"avia-image-overlay-wrap\"><img decoding=\"async\" fetchpriority=\"high\" class='wp-image-4389 avia-img-lazy-loading-not-4389 avia_image ' src=\"https:\/\/www.riskreporter.eu\/wp-content\/uploads\/2024\/02\/hero-lexerta.webp\" alt='' title=''  height=\"1440\" width=\"1735\"  itemprop=\"thumbnailUrl\" srcset=\"https:\/\/www.riskreporter.eu\/wp-content\/uploads\/2024\/02\/hero-lexerta.webp 1735w, https:\/\/www.riskreporter.eu\/wp-content\/uploads\/2024\/02\/hero-lexerta-300x249.webp 300w, https:\/\/www.riskreporter.eu\/wp-content\/uploads\/2024\/02\/hero-lexerta-1030x855.webp 1030w, https:\/\/www.riskreporter.eu\/wp-content\/uploads\/2024\/02\/hero-lexerta-1536x1275.webp 1536w, https:\/\/www.riskreporter.eu\/wp-content\/uploads\/2024\/02\/hero-lexerta-705x585.webp 705w\" sizes=\"(max-width: 1735px) 100vw, 1735px\" \/><\/div><\/div><\/div><\/div><div class='av-flex-placeholder'><\/div>\n<style type=\"text\/css\" data-created_by=\"avia_inline_auto\" id=\"style-css-av-2xdsf8-a1e11ee76d8d3b7b3924c3e8bd182499\">\n.flex_column.av-2xdsf8-a1e11ee76d8d3b7b3924c3e8bd182499{\nborder-radius:0px 0px 0px 0px;\npadding:0px 0px 0px 0px;\n}\n<\/style>\n<div  class='flex_column av-2xdsf8-a1e11ee76d8d3b7b3924c3e8bd182499 av_one_half  avia-builder-el-24  el_after_av_one_half  avia-builder-el-last  flex_column_table_cell av-equal-height-column av-align-top av-zero-column-padding  '     ><p>\n<style type=\"text\/css\" data-created_by=\"avia_inline_auto\" id=\"style-css-av-lsegxitw-6902ad5f0278289b67cf433aaba1eef6\">\n#top .av-special-heading.av-lsegxitw-6902ad5f0278289b67cf433aaba1eef6{\npadding-bottom:10px;\n}\nbody .av-special-heading.av-lsegxitw-6902ad5f0278289b67cf433aaba1eef6 .av-special-heading-tag .heading-char{\nfont-size:25px;\n}\n.av-special-heading.av-lsegxitw-6902ad5f0278289b67cf433aaba1eef6 .av-subheading{\nfont-size:15px;\n}\n<\/style>\n<div  class='av-special-heading av-lsegxitw-6902ad5f0278289b67cf433aaba1eef6 av-special-heading-h3 blockquote modern-quote  avia-builder-el-25  el_before_av_textblock  avia-builder-el-first  av-linked-heading'><h3 class='av-special-heading-tag '  itemprop=\"headline\"  >Ensemble, nous garantissons un monde s\u00fbr et propre.<\/h3><div class=\"special-heading-border\"><div class=\"special-heading-inner-border\"><\/div><\/div><\/div><br \/>\n<section  class='av_textblock_section av-lsegxdjh-057f848e9d39e3063ad3325daf07c646 '   itemscope=\"itemscope\" itemtype=\"https:\/\/schema.org\/CreativeWork\" ><div class='avia_textblock'  itemprop=\"text\" ><p>Lexerta collabore \u00e9troitement avec des partenaires et des clients internationaux.&nbsp;Nous sommes au courant des derni\u00e8res tendances en mati\u00e8re de s\u00fbret\u00e9 et de sant\u00e9, d&rsquo;environnement, de s\u00e9curit\u00e9 alimentaire et d&rsquo;\u00e9nergie. Cela permet d&rsquo;aligner parfaitement notre contenu et nos outils sur les d\u00e9veloppements du march\u00e9 et les besoins des clients, et de jeter ainsi les bases d&rsquo;une Europe propre et s\u00fbre.<\/p>\n<\/div><\/section><br \/>\n<div  class='avia-button-wrap av-lseh1c0c-05e52cc2ce4363286bb910872b8852e8-wrap avia-button-left  avia-builder-el-27  el_after_av_textblock  avia-builder-el-last '><a href='https:\/\/lexerta.com\/'  class='avia-button av-lseh1c0c-05e52cc2ce4363286bb910872b8852e8 av-link-btn avia-icon_select-no avia-size-medium avia-position-left avia-color-theme-color-subtle'  target=\"_blank\"  rel=\"noopener noreferrer\"  aria-label=\"Plus d&#039;infos sur Lexerta\"><span class='avia_iconbox_title' >Plus d&#039;infos sur Lexerta<\/span><\/a><\/div><\/p><\/div><\/div><!--close column table wrapper. Autoclose: 1 -->\n\n<\/div><\/div><\/div><!-- close content main div --><\/div><\/div>\n<style type=\"text\/css\" data-created_by=\"avia_inline_auto\" id=\"style-css-av-b70t5w-3b0a42f70cd7d98bc746abd1e5ad27a4\">\n.avia-section.av-b70t5w-3b0a42f70cd7d98bc746abd1e5ad27a4{\nbackground-color:#b40000;\nbackground-image:unset;\n}\n<\/style>\n<div id='av_section_5'  class='avia-section av-b70t5w-3b0a42f70cd7d98bc746abd1e5ad27a4 alternate_color avia-section-large avia-no-border-styling  avia-builder-el-28  el_after_av_section  avia-builder-el-last  vdlp-section-bg avia-bg-style-scroll container_wrap sidebar_right'  ><div class='container av-section-cont-open' ><div class='template-page content  av-content-small alpha units'><div class='post-entry post-entry-type-page post-entry-3829'><div class='entry-content-wrapper clearfix'>\n\n<style type=\"text\/css\" data-created_by=\"avia_inline_auto\" id=\"style-css-av-9h7df8-c0ce2ae268372d06345d2908d96ec730\">\n#top .av-special-heading.av-9h7df8-c0ce2ae268372d06345d2908d96ec730{\npadding-bottom:10px;\n}\nbody .av-special-heading.av-9h7df8-c0ce2ae268372d06345d2908d96ec730 .av-special-heading-tag .heading-char{\nfont-size:25px;\n}\n.av-special-heading.av-9h7df8-c0ce2ae268372d06345d2908d96ec730 .av-subheading{\nfont-size:15px;\n}\n<\/style>\n<div  class='av-special-heading av-9h7df8-c0ce2ae268372d06345d2908d96ec730 av-special-heading-h2 blockquote modern-quote modern-centered  avia-builder-el-29  el_before_av_textblock  avia-builder-el-first  av-linked-heading'><h2 class='av-special-heading-tag '  itemprop=\"headline\"  >Rendez votre lieu de travail plus s\u00fbr<\/h2><div class=\"special-heading-border\"><div class=\"special-heading-inner-border\"><\/div><\/div><\/div>\n<section  class='av_textblock_section av-soq9w-04df0b059c42944469a63d30a2293bf3 '   itemscope=\"itemscope\" itemtype=\"https:\/\/schema.org\/CreativeWork\" ><div class='avia_textblock'  itemprop=\"text\" ><p style=\"text-align: center;\" data-mce-style=\"text-align: center;\">Plus de <strong>270 accidents du travail<\/strong> se produisent chaque jour aux Pays-Bas. <strong>64 %<\/strong> de ces accidents auraient pu \u00eatre \u00e9vit\u00e9s&nbsp;!<\/p>\n<\/div><\/section>\n<div  class='avia-buttonrow-wrap av-5kbctw-f5b11ff677260ecd57a093279a3f4ecf avia-buttonrow-center  avia-builder-el-31  el_after_av_textblock  avia-builder-el-last '>\n\n<style type=\"text\/css\" data-created_by=\"avia_inline_auto\" id=\"style-css-av-4700sk-4a226ce0d5bcaf1c888a93981d697117\">\n#top #wrap_all .avia-button.av-4700sk-4a226ce0d5bcaf1c888a93981d697117{\nmargin-bottom:16px;\nmargin-right:8px;\nmargin-left:8px;\n}\n<\/style>\n<a href='https:\/\/www.riskreporter.eu\/fr\/periode-dessai-gratuite\/'  class='avia-button av-4700sk-4a226ce0d5bcaf1c888a93981d697117 avia-icon_select-no avia-size-medium avia-color-theme-color'   aria-label=\"P\u00e9riode d&#039;essai gratuite \"><span class='avia_iconbox_title' >P\u00e9riode d&#039;essai gratuite <\/span><\/a>\n\n<style type=\"text\/css\" data-created_by=\"avia_inline_auto\" id=\"style-css-av-2t6olw-4cfbbc16c14b0a44c06b8a9f3bea43ff\">\n#top #wrap_all .avia-button.av-2t6olw-4cfbbc16c14b0a44c06b8a9f3bea43ff{\nmargin-bottom:16px;\nmargin-right:8px;\nmargin-left:8px;\n}\n<\/style>\n<a href='https:\/\/www.riskreporter.eu\/fr\/pourquoi-riskreporter\/'  class='avia-button av-2t6olw-4cfbbc16c14b0a44c06b8a9f3bea43ff avia-icon_select-no avia-size-medium avia-color-light'   aria-label=\"Pourquoi Riskreporter\"><span class='avia_iconbox_title' >Pourquoi Riskreporter<\/span><\/a>\n<\/div>\n<\/div><\/div><\/div><!-- close content main div --><\/div><\/div><div id='after_section_5'  class='main_color av_default_container_wrap container_wrap sidebar_right'  ><div class='container av-section-cont-open' ><div class='template-page content  av-content-small alpha units'><div class='post-entry post-entry-type-page post-entry-3829'><div class='entry-content-wrapper clearfix'>\n","protected":false},"excerpt":{"rendered":"","protected":false},"author":1,"featured_media":0,"parent":0,"menu_order":0,"comment_status":"closed","ping_status":"closed","template":"","meta":{"_acf_changed":false,"footnotes":""},"class_list":["post-3829","page","type-page","status-publish","hentry"],"acf":[],"_links":{"self":[{"href":"https:\/\/www.riskreporter.eu\/fr\/wp-json\/wp\/v2\/pages\/3829","targetHints":{"allow":["GET"]}}],"collection":[{"href":"https:\/\/www.riskreporter.eu\/fr\/wp-json\/wp\/v2\/pages"}],"about":[{"href":"https:\/\/www.riskreporter.eu\/fr\/wp-json\/wp\/v2\/types\/page"}],"author":[{"embeddable":true,"href":"https:\/\/www.riskreporter.eu\/fr\/wp-json\/wp\/v2\/users\/1"}],"replies":[{"embeddable":true,"href":"https:\/\/www.riskreporter.eu\/fr\/wp-json\/wp\/v2\/comments?post=3829"}],"version-history":[{"count":0,"href":"https:\/\/www.riskreporter.eu\/fr\/wp-json\/wp\/v2\/pages\/3829\/revisions"}],"wp:attachment":[{"href":"https:\/\/www.riskreporter.eu\/fr\/wp-json\/wp\/v2\/media?parent=3829"}],"curies":[{"name":"wp","href":"https:\/\/api.w.org\/{rel}","templated":true}]}}