{"id":3861,"date":"2020-01-31T13:18:41","date_gmt":"2020-01-31T12:18:41","guid":{"rendered":"https:\/\/www.riskreporter.eu\/declaration-de-confidentialite\/"},"modified":"2024-04-17T12:33:53","modified_gmt":"2024-04-17T10:33:53","slug":"declaration-de-confidentialite","status":"publish","type":"page","link":"https:\/\/www.riskreporter.eu\/fr\/declaration-de-confidentialite\/","title":{"rendered":"D\u00e9claration de Confidentialit\u00e9"},"content":{"rendered":"<div id='av_section_1'  class='avia-section av-91ks9-11d1f68cf2327f2864f131d335d5c65f main_color avia-section-default avia-no-border-styling  avia-builder-el-0  avia-builder-el-no-sibling  avia-bg-style-scroll container_wrap sidebar_right'  ><div class='container av-section-cont-open' ><main  role=\"main\" itemprop=\"mainContentOfPage\"  class='template-page content  av-content-small alpha units'><div class='post-entry post-entry-type-page post-entry-3861'><div class='entry-content-wrapper clearfix'>\n\n<style type=\"text\/css\" data-created_by=\"avia_inline_auto\" id=\"style-css-av-khbuhk16-396a8be0895f2e4a242867066a233da7\">\n.flex_column.av-khbuhk16-396a8be0895f2e4a242867066a233da7{\nborder-radius:0px 0px 0px 0px;\npadding:0px 0px 0px 0px;\n}\n<\/style>\n<div  class='flex_column av-khbuhk16-396a8be0895f2e4a242867066a233da7 av_one_fifth  avia-builder-el-1  el_before_av_three_fifth  avia-builder-el-first  first flex_column_div av-hide-on-mobile av-zero-column-padding  '     ><\/div>\n<style type=\"text\/css\" data-created_by=\"avia_inline_auto\" id=\"style-css-av-25tmq-2594d380fb7c077ae039eb149e1febeb\">\n.flex_column.av-25tmq-2594d380fb7c077ae039eb149e1febeb{\nborder-radius:0px 0px 0px 0px;\npadding:0px 0px 0px 0px;\n}\n<\/style>\n<div  class='flex_column av-25tmq-2594d380fb7c077ae039eb149e1febeb av_three_fifth  avia-builder-el-2  el_after_av_one_fifth  el_before_av_one_fifth  flex_column_div av-zero-column-padding  '     ><p>\n<style type=\"text\/css\" data-created_by=\"avia_inline_auto\" id=\"style-css-av-757d5-2f8520475fe6ddcfc39ac5808e1c71b6\">\n#top .av-special-heading.av-757d5-2f8520475fe6ddcfc39ac5808e1c71b6{\npadding-bottom:30px;\n}\nbody .av-special-heading.av-757d5-2f8520475fe6ddcfc39ac5808e1c71b6 .av-special-heading-tag .heading-char{\nfont-size:25px;\n}\n.av-special-heading.av-757d5-2f8520475fe6ddcfc39ac5808e1c71b6 .av-subheading{\nfont-size:15px;\n}\n<\/style>\n<div  class='av-special-heading av-757d5-2f8520475fe6ddcfc39ac5808e1c71b6 av-special-heading-h1 blockquote modern-quote  avia-builder-el-3  el_before_av_textblock  avia-builder-el-first  av-linked-heading'><h1 class='av-special-heading-tag '  itemprop=\"headline\"  >D\u00e9claration de Confidentialit\u00e9<\/h1><div class=\"special-heading-border\"><div class=\"special-heading-inner-border\"><\/div><\/div><\/div><br \/>\n<section  class='av_textblock_section av-s8ty-96eb9eb1b79074e4a3ea92c02ad19434 '   itemscope=\"itemscope\" itemtype=\"https:\/\/schema.org\/CreativeWork\" ><div class='avia_textblock'  itemprop=\"text\" ><p>La pr\u00e9sente d\u00e9claration de confidentialit\u00e9 s\u2019applique au traitement de donn\u00e9es \u00e0 caract\u00e8re personnel par Lexerta Nederland B.V. et\/ou Lexerta Belgi\u00eb B.V. avec ses \u00e9ventuelles participations et soci\u00e9t\u00e9s li\u00e9es, ci-apr\u00e8s d\u00e9nomm\u00e9es collectivement Lexerta.<\/p>\n<p>Nous attachons une grande valeur \u00e0 la protection de votre vie priv\u00e9e et de la n\u00f4tre. Nous nous effor\u00e7ons d\u00e8s lors de traiter et de prot\u00e9ger au mieux vos donn\u00e9es \u00e0 caract\u00e8re personnel. Nous estimons par cons\u00e9quent qu\u2019il est de notre responsabilit\u00e9 de prot\u00e9ger votre vie priv\u00e9e et vos donn\u00e9es \u00e0 caract\u00e8re personnel. Par voie de la pr\u00e9sente d\u00e9claration, nous vous faisons savoir (i)\u00a0quelles donn\u00e9es nous collectons quand vous utilisez notre site web ou que vous nous achetez des services, (ii)\u00a0pourquoi nous collectons ces donn\u00e9es et comment nous nous en servons pour am\u00e9liorer votre exp\u00e9rience utilisateur. De la sorte, vous avez une compr\u00e9hension pr\u00e9cise de notre fonctionnement.<\/p>\n<p>La pr\u00e9sente d\u00e9claration de confidentialit\u00e9 s\u2019applique \u00e0 tous les services de Lexerta. Vous devez savoir par ailleurs que Lexerta n\u2019est pas responsable de la politique de confidentialit\u00e9 d\u2019autres sites et sources.<\/p>\n<p>Lexerta respecte la vie priv\u00e9e de tous les utilisateurs de son site et de ses services, et fait en sorte que les renseignements personnels que vous nous fournissez soient trait\u00e9s et supprim\u00e9s avec soin et conform\u00e9ment \u00e0 la l\u00e9gislation et \u00e0 la r\u00e9glementation.<\/p>\n<p>La pr\u00e9sente d\u00e9claration de confidentialit\u00e9 peut changer de temps \u00e0 autre si de nouvelles \u00e9volutions le justifient. Vous trouverez la d\u00e9claration la plus r\u00e9cente sur notre ou nos sites web\u00a0:<\/p>\n<p><a href=\"https:\/\/www.lexerta.com\">www.lexerta.com<\/a><\/p>\n<p><a href=\"http:\/\/www.pharius.eu\">www.pharius.eu<\/a><\/p>\n<p><a href=\"http:\/\/www.riskreporter.eu\">www.riskreporter.eu<\/a><\/p>\n<p><a href=\"http:\/\/www.wijzigingenopmaat.nl\">www.wijzigingenopmaat.nl<\/a><\/p>\n<p><strong>Utilisation de nos services<\/strong><\/p>\n<p>Lorsque vous souhaitez utiliser nos services, nous vous demandons de nous fournir des donn\u00e9es \u00e0 caract\u00e8re personnel. Ces donn\u00e9es sont utilis\u00e9es pour pouvoir ex\u00e9cuter nos services. Elles sont stock\u00e9es sur les propres serveurs s\u00e9curis\u00e9s de Lexerta ou sur ceux d\u2019un tiers. Nous ne combinerons pas ces donn\u00e9es avec d\u2019autres donn\u00e9es personnelles \u00e0 notre disposition. Par services, on entend\u00a0:<\/p>\n<ul>\n<li>l\u2019envoi d\u2019informations par e\u2011mail telles que bulletins d\u2019information, soumissions et\/ou actions\u00a0;<\/li>\n<li>la formation et l\u2019ex\u00e9cution d\u2019un ou de contrats conclus tels que le traitement de commandes, l\u2019ex\u00e9cution de services et l\u2019exp\u00e9dition de produits acquis aupr\u00e8s de Lexerta.<\/li>\n<\/ul>\n<p><strong>Communication<\/strong><br \/>\nQuand vous nous envoyez un e-mail ou d\u2019autres messages, il se peut que nous les conservions. Parfois, nous vous demandons celles de vos donn\u00e9es \u00e0 caract\u00e8re personnel qui sont pertinentes pour la situation concern\u00e9e. Cela nous permet de traiter vos questions et de r\u00e9pondre \u00e0 vos requ\u00eates.<\/p>\n<p>Bien entendu, nous n\u2019utiliserons pas les donn\u00e9es que vous nous aurez fournies \u00e0 d\u2019autres fins que celles pour lesquelles vous nous les avez communiqu\u00e9es.<\/p>\n<p><strong>Mesures de protection<\/strong><\/p>\n<p>Lexerta a pris des mesures techniques et organisationnelles appropri\u00e9es pour prot\u00e9ger autant que possible vos donn\u00e9es \u00e0 caract\u00e8re personnel contre la perte, pour emp\u00eacher leur utilisation ou traitement illicite par d\u2019autres personnes, ainsi que pour \u00e9viter que des personnes non autoris\u00e9es n\u2019y acc\u00e8dent. Lexerta le fait, entre autres, en assurant une protection (d\u2019acc\u00e8s) physique et en utilisant des mots de passe. Ces mesures sont r\u00e9guli\u00e8rement soumises \u00e0 des tests par un tiers professionnel pour rep\u00e9rer d\u2019\u00e9ventuelles vuln\u00e9rabilit\u00e9s et elles sont compl\u00e9t\u00e9es ou renforc\u00e9es si n\u00e9cessaire. En outre, Lexerta ne combinera pas ces donn\u00e9es avec d\u2019autres donn\u00e9es personnelles \u00e0 sa disposition. Si vous d\u00e9sirez en savoir plus sur les mesures de protection que nous avons prises, veuillez consulter le site web du produit\/service concern\u00e9. <strong><br \/>\n<\/strong><\/p>\n<p><strong>Cookies<\/strong><br \/>\nNous collectons des donn\u00e9es aux fins d\u2019\u00e9tudes en vue de nous faire une meilleure id\u00e9e de nos clients et de pouvoir adapter nos services en cons\u00e9quence.<\/p>\n<p>Ce site utilise des cookies (petits fichiers-textes qui sont plac\u00e9s sur votre ordinateur) pour nous aider \u00e0 analyser la fa\u00e7on dont nos utilisateurs s\u2019en servent. Les informations produites par le cookie au sujet de votre utilisation du site peuvent \u00eatre transmises aux propres serveurs s\u00e9curis\u00e9s de Lexerta ou \u00e0 ceux d\u2019un tiers. Nous employons ces informations pour tenir \u00e0 jour la fa\u00e7on dont vous utilisez le site, pour \u00e9tablir des rapports sur l\u2019activit\u00e9 en cours sur le site et pour proposer d\u2019autres services en relation avec l\u2019activit\u00e9 sur le site et avec l\u2019utilisation d\u2019Internet.<\/p>\n<p><em>D\u00e9sactiver les cookies<\/em><\/p>\n<p>La plupart des navigateurs sont param\u00e9tr\u00e9s d\u2019office pour accepter les cookies, mais vous pouvez modifier ce r\u00e9glage pour que votre navigateur refuse tous les cookies ou pour sp\u00e9cifier quand un cookie est envoy\u00e9. Il se peut toutefois que certaines fonctions et certains services ne fonctionnent pas correctement sur nos sites web et sur d\u2019autres si les cookies sont d\u00e9sactiv\u00e9s dans votre navigateur.<\/p>\n<p><strong>Finalit\u00e9s\/fondements<\/strong><br \/>\nNous ne collectons, ni n\u2019utilisons d\u2019informations pour d\u2019autres finalit\u00e9s que celles d\u00e9crites dans la pr\u00e9sente d\u00e9claration de confidentialit\u00e9, sauf si nous avons obtenu au pr\u00e9alable votre consentement \u00e0 cet effet.<\/p>\n<p>Dans le cadre de la prestation de nos services ou du fait que vous nous les avez fournies, nous traitons les donn\u00e9es \u00e0 caract\u00e8re personnel suivantes\u00a0:<\/p>\n<ul>\n<li>nom;<\/li>\n<li>num\u00e9ro de t\u00e9l\u00e9phone\u00a0;<\/li>\n<li>adresse de messagerie \u00e9lectronique (e-mail);<\/li>\n<li>lieu exact combin\u00e9 au nom, \u00e0 la date et \u00e0 l&rsquo;heure (uniquement en cas d&rsquo;utilisation de Riskreporter)<\/li>\n<\/ul>\n<p>Lexerta traite des donn\u00e9es \u00e0 caract\u00e8re personnel exclusivement s\u2019il existe un fondement l\u00e9gal \u00e0 cet effet, tel que prescrit dans le R\u00e8glement g\u00e9n\u00e9ral sur la protection des donn\u00e9es. Les fondements suivants s\u2019appliquent\u00a0:<\/p>\n<ol>\n<li>Ex\u00e9cution de contrats<\/li>\n<\/ol>\n<p>Ce fondement s\u2019applique aux donn\u00e9es \u00e0 caract\u00e8re personnel que nous traitons \u00e0 propos de clients, sous-traitants et fournisseurs avec qui nous avons conclu un contrat dans le cadre, mais pas exclusivement en vue, du d\u00e9veloppement et de la vente de nos services.<\/p>\n<ol start=\"2\">\n<li>Int\u00e9r\u00eat l\u00e9gitime<\/li>\n<\/ol>\n<p>Lexerta a un int\u00e9r\u00eat l\u00e9gitime \u00e0 collecter des donn\u00e9es \u00e0 caract\u00e8re personnel en vue d\u2019acqu\u00e9rir des clients et d\u2019entretenir des relations.<\/p>\n<ol start=\"3\">\n<li>Respect d\u2019une obligation l\u00e9gale<\/li>\n<\/ol>\n<p>Lexerta doit traiter des donn\u00e9es \u00e0 caract\u00e8re personnel en raison de diverses obligations l\u00e9gales telles que la loi sur l\u2019obligation de conservation de documents fiscaux, la loi de 1990 sur le recouvrement, la loi sur le travail des \u00e9trangers et la loi sur l\u2019obligation d\u2019identification.<\/p>\n<p><strong>\u00a0<\/strong><\/p>\n<p><strong>Tiers<\/strong><br \/>\nEn principe, nous ne partageons pas avec des tiers les informations que vous nous fournissez. Nous les partagerons toutefois, encore que dans une mesure limit\u00e9e, avec nos partenaires tels les applications web et les parties TIC dont nous nous servons pour les besoins de nos services. Ces donn\u00e9es seront affect\u00e9es uniquement \u00e0 la finalit\u00e9 du service et ne seront pas diffus\u00e9es par ailleurs. Ensuite, il se peut que, dans certains cas, ces informations soient partag\u00e9es en interne. Nos collaborateurs sont tenus de respecter la confidentialit\u00e9 de vos donn\u00e9es. Nous avons pass\u00e9 avec les parties avec lesquelles nous collaborons, des accords convenables sur leurs obligations et leurs pouvoirs et, s\u2019il y avait lieu, nous avons mis ceux-ci par \u00e9crit dans des contrats (de traitement).<\/p>\n<p>Par ailleurs, vous pouvez fournir vos donn\u00e9es \u00e0 caract\u00e8re personnel \u00e0 un tiers, tel qu\u2019une autorit\u00e9 de contr\u00f4le ou un autre organisme investi du pouvoir public, pour autant que la loi vous y oblige.<\/p>\n<p>Un contrat de sous-traitant a \u00e9t\u00e9 conclu avec le tiers qui traite vos donn\u00e9es \u00e0 caract\u00e8re personnel au nom et pour le compte de Lexerta. Il fait obligation \u00e0 ce tiers de respecter le RGPD, lui aussi. Les tiers auxquels Lexerta fait appel et qui proposent des services de responsable du traitement assument eux-m\u00eames la responsabilit\u00e9 du traitement (ult\u00e9rieur) de vos donn\u00e9es \u00e0 caract\u00e8re personnel en ce qui concerne le respect du RGPD.<\/p>\n<p>La pr\u00e9sente d\u00e9claration de confidentialit\u00e9 s\u2019applique seulement \u00e0 la plateforme de Lexerta et non aux sites de tiers pour lesquels un lien est affich\u00e9 sur la plateforme de Lexerta. Si vous acc\u00e9dez \u00e0 un autre site au moyen de l\u2019un de ces hyperliens, la pr\u00e9sente d\u00e9claration de confidentialit\u00e9 ne s\u2019applique pas \u00e0 votre visite sur ce site et Lexerta vous conseille de parcourir attentivement la politique de confidentialit\u00e9 des sites de tiers.<\/p>\n<p><strong>Combien de temps Lexerta conserve-t-elle vos donn\u00e9es \u00e0 caract\u00e8re personnel\u00a0?<\/strong><\/p>\n<p>Lexerta ne conserve pas vos donn\u00e9es plus longtemps que n\u00e9cessaire pour atteindre les objectifs vis\u00e9s dans la pr\u00e9sente d\u00e9claration de confidentialit\u00e9.<\/p>\n<ul>\n<li>Conform\u00e9ment \u00e0 ce que nous impose la loi, notre administration applique une dur\u00e9e de conservation de sept ans. Cette obligation englobe les contrats conclus avec vous et le d\u00e9lai commence \u00e0 courir apr\u00e8s que le contrat a pris fin.<\/li>\n<li>Quand vous nous adressez un e-mail ou que vous nous posez une question au moyen d\u2019un formulaire de contact, les donn\u00e9es que vous nous envoyez sont conserv\u00e9es aussi longtemps que n\u00e9cessaire selon la nature du formulaire ou le contenu de votre e-mail en vue d\u2019y r\u00e9pondre ou de le traiter compl\u00e8tement.<\/li>\n<li>Les donn\u00e9es destin\u00e9es \u00e0 des activit\u00e9s de marketing sont conserv\u00e9es un an maximum apr\u00e8s qu\u2019un contact a \u00e9t\u00e9 nou\u00e9 dans le cadre d\u2019une offre de produits ou de services.<\/li>\n<\/ul>\n<p><strong>Modifications<\/strong><br \/>\nLa pr\u00e9sente d\u00e9claration de confidentialit\u00e9 est ax\u00e9e sur l\u2019utilisation de ce site et sur les possibilit\u00e9s qu\u2019il offre. Ses \u00e9ventuelles adaptations et\/ou modifications peuvent conduire \u00e0 des modifications de la pr\u00e9sente d\u00e9claration. Il est d\u00e8s lors conseill\u00e9 de consulter celle-ci r\u00e9guli\u00e8rement.<\/p>\n<p><strong>Acc\u00e8s, modification, limitation de donn\u00e9es \u00e0 caract\u00e8re personnel ou r\u00e9clamation<\/strong><br \/>\nSi vous souhaitez savoir quelles donn\u00e9es \u00e0 caract\u00e8re personnel vous concernant Lexerta collecte et utilise, vous pouvez introduire une demande \u00e0 cet effet. Vous avez \u00e9galement le droit\u00a0:<\/p>\n<ul>\n<li>de corriger ou de supprimer vos donn\u00e9es \u00e0 caract\u00e8re personnel;<\/li>\n<li>de retirer votre consentement au traitement de vos donn\u00e9es;<\/li>\n<li>de vous opposer au traitement de vos donn\u00e9es \u00e0 caract\u00e8re personnel par Lexerta;<\/li>\n<li>\u00e0 la portabilit\u00e9 des donn\u00e9es\u00a0: cela signifie que vous pouvez introduire aupr\u00e8s de nous une demande visant \u00e0 vous faire envoyer, \u00e0 vous ou \u00e0 une autre organisation d\u00e9sign\u00e9e par vos soins, les donn\u00e9es \u00e0 caract\u00e8re personnel dont nous disposons sous forme \u00e9lectronique \u00e0 votre sujet.<\/li>\n<\/ul>\n<p>Si, malgr\u00e9 nos efforts, vous estimez que nous traitons vos donn\u00e9es \u00e0 caract\u00e8re personnel de mani\u00e8re n\u00e9gligente ou illicite ou si, par exemple, notre r\u00e9action \u00e0 vos demandes est insuffisante, vous pouvez vous adresser \u00e0 l\u2019Autorit\u00e9 de protection des donn\u00e9es et introduire une r\u00e9clamation aupr\u00e8s d\u2019elle. Nous esp\u00e9rons bien s\u00fbr que vous vous adresserez d\u2019abord \u00e0 nous afin que nous puissions tout r\u00e9gler au mieux.<\/p>\n<p><strong>Adapter le\/se d\u00e9sinscrire du, service de newsletter<\/strong><\/p>\n<p>Au bas de chaque mailing, vous avez la possibilit\u00e9 d\u2019adapter vos donn\u00e9es ou de vous d\u00e9sinscrire.<\/p>\n<p><strong>Questions et r\u00e9actions<\/strong><\/p>\n<p>Nous v\u00e9rifions r\u00e9guli\u00e8rement notre conformit\u00e9 \u00e0 la pr\u00e9sente d\u00e9claration de confidentialit\u00e9. Si vous avez des questions \u00e0 son sujet, vous pouvez prendre contact avec nous:<\/p>\n<table>\n<tbody>\n<tr>\n<td width=\"302\">Lexerta Nederland B.V.<\/p>\n<p>Munsterstraat 2c<\/p>\n<p>7418 EV Deventer<br \/>\n+31 (0) 85 043 0130<br \/>\n<a href=\"mailto:info@lexerta.\">info@lexerta.<\/a>com<\/td>\n<td width=\"302\">Lexerta Belgi\u00eb B.V.<\/p>\n<p>De Regenboog 11<\/p>\n<p>2800 Mechelen<br \/>\n+32 (0) 37 70 8008<br \/>\n<a href=\"mailto:info@lexerta.\">info@lexerta.<\/a>com<\/td>\n<\/tr>\n<\/tbody>\n<\/table>\n\n<\/div><\/section><\/p><\/div>\n<style type=\"text\/css\" data-created_by=\"avia_inline_auto\" id=\"style-css-av-khbuhk16-1-beacfa76332fdf4e73f3e8e3ff5043aa\">\n.flex_column.av-khbuhk16-1-beacfa76332fdf4e73f3e8e3ff5043aa{\nborder-radius:0px 0px 0px 0px;\npadding:0px 0px 0px 0px;\n}\n<\/style>\n<div  class='flex_column av-khbuhk16-1-beacfa76332fdf4e73f3e8e3ff5043aa av_one_fifth  avia-builder-el-5  el_after_av_three_fifth  avia-builder-el-last  flex_column_div av-hide-on-mobile av-zero-column-padding  '     ><\/div>\n<\/div><\/div><\/main><!-- close content main element --><\/div><\/div><div id='after_section_1'  class='main_color av_default_container_wrap container_wrap sidebar_right'  ><div class='container av-section-cont-open' ><div class='template-page content  av-content-small alpha units'><div class='post-entry post-entry-type-page post-entry-3861'><div class='entry-content-wrapper clearfix'>\n","protected":false},"excerpt":{"rendered":"","protected":false},"author":1,"featured_media":0,"parent":0,"menu_order":1000,"comment_status":"closed","ping_status":"closed","template":"","meta":{"_acf_changed":false,"footnotes":""},"class_list":["post-3861","page","type-page","status-publish","hentry"],"acf":[],"_links":{"self":[{"href":"https:\/\/www.riskreporter.eu\/fr\/wp-json\/wp\/v2\/pages\/3861","targetHints":{"allow":["GET"]}}],"collection":[{"href":"https:\/\/www.riskreporter.eu\/fr\/wp-json\/wp\/v2\/pages"}],"about":[{"href":"https:\/\/www.riskreporter.eu\/fr\/wp-json\/wp\/v2\/types\/page"}],"author":[{"embeddable":true,"href":"https:\/\/www.riskreporter.eu\/fr\/wp-json\/wp\/v2\/users\/1"}],"replies":[{"embeddable":true,"href":"https:\/\/www.riskreporter.eu\/fr\/wp-json\/wp\/v2\/comments?post=3861"}],"version-history":[{"count":0,"href":"https:\/\/www.riskreporter.eu\/fr\/wp-json\/wp\/v2\/pages\/3861\/revisions"}],"wp:attachment":[{"href":"https:\/\/www.riskreporter.eu\/fr\/wp-json\/wp\/v2\/media?parent=3861"}],"curies":[{"name":"wp","href":"https:\/\/api.w.org\/{rel}","templated":true}]}}