{"id":3938,"date":"2023-12-01T13:18:41","date_gmt":"2023-12-01T12:18:41","guid":{"rendered":"https:\/\/www.riskreporter.eu\/contact\/"},"modified":"2024-07-08T16:07:18","modified_gmt":"2024-07-08T14:07:18","slug":"contact","status":"publish","type":"page","link":"https:\/\/www.riskreporter.eu\/fr\/contact\/","title":{"rendered":"Contact"},"content":{"rendered":"<div id='av_section_1'  class='avia-section av-1d45a-da5ac838c597ef7f97054e64a712ad81 main_color avia-section-default avia-no-border-styling  avia-builder-el-0  avia-builder-el-no-sibling  vdlp-section-bg avia-bg-style-scroll container_wrap sidebar_right'  ><div class='container av-section-cont-open' ><main  role=\"main\" itemprop=\"mainContentOfPage\"  class='template-page content  av-content-small alpha units'><div class='post-entry post-entry-type-page post-entry-3938'><div class='entry-content-wrapper clearfix'>\n<div  class='flex_column av-15mgy-c1cd7b2bb2e4c23ad41b90e0858e240c av_three_fifth  avia-builder-el-1  el_before_av_two_fifth  avia-builder-el-first  first flex_column_div  '     ><style type=\"text\/css\" data-created_by=\"avia_inline_auto\" id=\"style-css-av-uqyi-2be1d30ccb6457b9726bc0a45759a669\">\n#top .av-special-heading.av-uqyi-2be1d30ccb6457b9726bc0a45759a669{\npadding-bottom:10px;\n}\nbody .av-special-heading.av-uqyi-2be1d30ccb6457b9726bc0a45759a669 .av-special-heading-tag .heading-char{\nfont-size:25px;\n}\n.av-special-heading.av-uqyi-2be1d30ccb6457b9726bc0a45759a669 .av-subheading{\nfont-size:15px;\n}\n<\/style>\n<div  class='av-special-heading av-uqyi-2be1d30ccb6457b9726bc0a45759a669 av-special-heading-h1 blockquote modern-quote  avia-builder-el-2  avia-builder-el-no-sibling '><h1 class='av-special-heading-tag '  itemprop=\"headline\"  >Prenez contact <br \/>avec nous<\/h1><div class='av-subheading av-subheading_below'><p>Envoyer un message<\/p>\n<\/div><div class=\"special-heading-border\"><div class=\"special-heading-inner-border\"><\/div><\/div><\/div><\/div><div  class='flex_column av-1brue-377d0b84ac3ff694b771f00ffb281503 av_two_fifth  avia-builder-el-3  el_after_av_three_fifth  el_before_av_two_third  flex_column_div  '     ><\/div><div  class='flex_column av-wk5q-bae5ec6f535d9d1cc0c73fa36315da44 av_two_third  avia-builder-el-4  el_after_av_two_fifth  el_before_av_one_third  first flex_column_div  '     ><section  class='av_textblock_section av-lqxxqja4-bca28d3b26a7b43495d6fbae239f9570 '   itemscope=\"itemscope\" itemtype=\"https:\/\/schema.org\/CreativeWork\" ><div class='avia_textblock'  itemprop=\"text\" ><p>Vous avez une question \u00e0 nous poser ? Prenez contact avec nous. Remplissez le formulaire ci-dessous et nous r\u00e9pondrons \u00e0 votre message dans les plus brefs d\u00e9lais.<\/p>\n<\/div><\/section><\/div><div  class='flex_column av-sud2-9383c35f8770812be6d0a78b152a83d4 av_one_third  avia-builder-el-6  el_after_av_two_third  el_before_av_one_fifth  flex_column_div  '     ><\/div><div  class='flex_column av-yi56-93ce298cce476aa62318f851de4405ec av_one_fifth  avia-builder-el-7  el_after_av_one_third  el_before_av_two_third  first flex_column_div  column-top-margin'     ><\/div>\n<style type=\"text\/css\" data-created_by=\"avia_inline_auto\" id=\"style-css-av-25tmq-334ab89608da8129ab1877b414beddde\">\n.flex_column.av-25tmq-334ab89608da8129ab1877b414beddde{\nborder-radius:32px 32px 32px 32px;\npadding:50px 50px 50px 50px;\nbackground-color:#ffffff;\n}\n<\/style>\n<div  class='flex_column av-25tmq-334ab89608da8129ab1877b414beddde av_two_third  avia-builder-el-8  el_after_av_one_fifth  el_before_av_one_fifth  vdlp-contact-form flex_column_div  column-top-margin'     ><p><section  class='av_textblock_section av-s8ty-96eb9eb1b79074e4a3ea92c02ad19434 '   itemscope=\"itemscope\" itemtype=\"https:\/\/schema.org\/CreativeWork\" ><div class='avia_textblock'  itemprop=\"text\" ><script type=\"text\/javascript\">\n\/* <![CDATA[ *\/\nvar gform;gform||(document.addEventListener(\"gform_main_scripts_loaded\",function(){gform.scriptsLoaded=!0}),document.addEventListener(\"gform\/theme\/scripts_loaded\",function(){gform.themeScriptsLoaded=!0}),window.addEventListener(\"DOMContentLoaded\",function(){gform.domLoaded=!0}),gform={domLoaded:!1,scriptsLoaded:!1,themeScriptsLoaded:!1,isFormEditor:()=>\"function\"==typeof InitializeEditor,callIfLoaded:function(o){return!(!gform.domLoaded||!gform.scriptsLoaded||!gform.themeScriptsLoaded&&!gform.isFormEditor()||(gform.isFormEditor()&&console.warn(\"The use of gform.initializeOnLoaded() is deprecated in the form editor context and will be removed in Gravity Forms 3.1.\"),o(),0))},initializeOnLoaded:function(o){gform.callIfLoaded(o)||(document.addEventListener(\"gform_main_scripts_loaded\",()=>{gform.scriptsLoaded=!0,gform.callIfLoaded(o)}),document.addEventListener(\"gform\/theme\/scripts_loaded\",()=>{gform.themeScriptsLoaded=!0,gform.callIfLoaded(o)}),window.addEventListener(\"DOMContentLoaded\",()=>{gform.domLoaded=!0,gform.callIfLoaded(o)}))},hooks:{action:{},filter:{}},addAction:function(o,r,e,t){gform.addHook(\"action\",o,r,e,t)},addFilter:function(o,r,e,t){gform.addHook(\"filter\",o,r,e,t)},doAction:function(o){gform.doHook(\"action\",o,arguments)},applyFilters:function(o){return gform.doHook(\"filter\",o,arguments)},removeAction:function(o,r){gform.removeHook(\"action\",o,r)},removeFilter:function(o,r,e){gform.removeHook(\"filter\",o,r,e)},addHook:function(o,r,e,t,n){null==gform.hooks[o][r]&&(gform.hooks[o][r]=[]);var d=gform.hooks[o][r];null==n&&(n=r+\"_\"+d.length),gform.hooks[o][r].push({tag:n,callable:e,priority:t=null==t?10:t})},doHook:function(r,o,e){var t;if(e=Array.prototype.slice.call(e,1),null!=gform.hooks[r][o]&&((o=gform.hooks[r][o]).sort(function(o,r){return o.priority-r.priority}),o.forEach(function(o){\"function\"!=typeof(t=o.callable)&&(t=window[t]),\"action\"==r?t.apply(null,e):e[0]=t.apply(null,e)})),\"filter\"==r)return e[0]},removeHook:function(o,r,t,n){var e;null!=gform.hooks[o][r]&&(e=(e=gform.hooks[o][r]).filter(function(o,r,e){return!!(null!=n&&n!=o.tag||null!=t&&t!=o.priority)}),gform.hooks[o][r]=e)}});\n\/* ]]> *\/\n<\/script>\n\n                <div class='gf_browser_gecko gform_wrapper gravity-theme gform-theme--no-framework form-contact_wrapper' data-form-theme='gravity-theme' data-form-index='0' id='gform_wrapper_3' ><div id='gf_3' class='gform_anchor' tabindex='-1'><\/div>\n                        <div class='gform_heading'>\n\t\t\t\t\t\t\t<p class='gform_required_legend'>\u00ab\u00a0<span class=\"gfield_required gfield_required_asterisk\">*<\/span>\u00a0\u00bb indique les champs n\u00e9cessaires<\/p>\n                        <\/div><form method='post' enctype='multipart\/form-data' target='gform_ajax_frame_3' id='gform_3' class='form-contact' action='\/fr\/wp-json\/wp\/v2\/pages\/3938#gf_3' data-formid='3' novalidate><div class='gf_invisible ginput_recaptchav3' data-sitekey='6LdpDSMpAAAAAOc8ogxv1QGJyr3KYWQpNujhm34e' data-tabindex='0'><input id=\"input_bfdac43ce5b88fb280a46e2b292cbf67\" class=\"gfield_recaptcha_response\" type=\"hidden\" name=\"input_bfdac43ce5b88fb280a46e2b292cbf67\" value=\"\"\/><\/div>\n                        <div class='gform-body gform_body'><div id='gform_fields_3' class='gform_fields top_label form_sublabel_below description_below validation_below'><div id=\"field_3_11\" class=\"gfield gfield--type-honeypot gform_validation_container field_sublabel_below gfield--has-description field_description_below field_validation_below gfield_visibility_visible\"  ><label class='gfield_label gform-field-label' for='input_3_11'>Email<\/label><div class='ginput_container'><input name='input_11' id='input_3_11' type='text' value='' autocomplete='new-password'\/><\/div><div class='gfield_description' id='gfield_description_3_11'>Ce champ n\u2019est utilis\u00e9 qu\u2019\u00e0 des fins de validation et devrait rester inchang\u00e9.<\/div><\/div><div id=\"field_3_1\" class=\"gfield gfield--type-text gfield--input-type-text gfield--width-half gfield_contains_required field_sublabel_below gfield--no-description field_description_below field_validation_below gfield_visibility_visible\"  ><label class='gfield_label gform-field-label' for='input_3_1'>Pr\u00e9nom<span class=\"gfield_required\"><span class=\"gfield_required gfield_required_asterisk\">*<\/span><\/span><\/label><div class='ginput_container ginput_container_text'><input name='input_1' id='input_3_1' type='text' value='' class='large'     aria-required=\"true\" aria-invalid=\"false\"  autocomplete=\"name\" \/><\/div><\/div><div id=\"field_3_10\" class=\"gfield gfield--type-text gfield--input-type-text gfield--width-half gfield_contains_required field_sublabel_below gfield--no-description field_description_below field_validation_below gfield_visibility_visible\"  ><label class='gfield_label gform-field-label' for='input_3_10'>Nom de famille<span class=\"gfield_required\"><span class=\"gfield_required gfield_required_asterisk\">*<\/span><\/span><\/label><div class='ginput_container ginput_container_text'><input name='input_10' id='input_3_10' type='text' value='' class='large'     aria-required=\"true\" aria-invalid=\"false\"  autocomplete=\"name\" \/><\/div><\/div><div id=\"field_3_2\" class=\"gfield gfield--type-email gfield--input-type-email gfield_contains_required field_sublabel_below gfield--no-description field_description_below field_validation_below gfield_visibility_visible\"  ><label class='gfield_label gform-field-label' for='input_3_2'>E-mail<span class=\"gfield_required\"><span class=\"gfield_required gfield_required_asterisk\">*<\/span><\/span><\/label><div class='ginput_container ginput_container_email'>\n                            <input name='input_2' id='input_3_2' type='email' value='' class='large'    aria-required=\"true\" aria-invalid=\"false\"  autocomplete=\"email\"\/>\n                        <\/div><\/div><div id=\"field_3_9\" class=\"gfield gfield--type-phone gfield--input-type-phone field_sublabel_below gfield--no-description field_description_below field_validation_below gfield_visibility_visible\"  ><label class='gfield_label gform-field-label' for='input_3_9'>Num\u00e9ro de t\u00e9l\u00e9phone<\/label><div class='ginput_container ginput_container_phone'><input name='input_9' id='input_3_9' type='tel' value='' class='large'    aria-invalid=\"false\"  autocomplete=\"tel\" \/><\/div><\/div><div id=\"field_3_4\" class=\"gfield gfield--type-textarea gfield--input-type-textarea gfield_contains_required field_sublabel_below gfield--no-description field_description_below field_validation_below gfield_visibility_visible\"  ><label class='gfield_label gform-field-label' for='input_3_4'>Question<span class=\"gfield_required\"><span class=\"gfield_required gfield_required_asterisk\">*<\/span><\/span><\/label><div class='ginput_container ginput_container_textarea'><textarea name='input_4' id='input_3_4' class='textarea large'     aria-required=\"true\" aria-invalid=\"false\"   rows='10' cols='50'><\/textarea><\/div><\/div><fieldset id=\"field_3_6\" class=\"gfield gfield--type-checkbox gfield--type-choice gfield--input-type-checkbox gfield_contains_required field_sublabel_below gfield--no-description field_description_below hidden_label field_validation_below gfield_visibility_visible\"  ><legend class='gfield_label gform-field-label gfield_label_before_complex' >D\u00e9claration de confidentialit\u00e9<span class=\"gfield_required\"><span class=\"gfield_required gfield_required_asterisk\">*<\/span><\/span><\/legend><div class='ginput_container ginput_container_checkbox'><div class='gfield_checkbox ' id='input_3_6'><div class='gchoice gchoice_3_6_1'>\n\t\t\t\t\t\t\t\t<input class='gfield-choice-input' name='input_6.1' type='checkbox'  value='J&#039;accepte de soumettre et de stocker les donn\u00e9es susmentionn\u00e9es'  id='choice_3_6_1'   \/>\n\t\t\t\t\t\t\t\t<label for='choice_3_6_1' id='label_3_6_1' class='gform-field-label gform-field-label--type-inline'>J'accepte de soumettre et de stocker les donn\u00e9es susmentionn\u00e9es<\/label>\n\t\t\t\t\t\t\t<\/div><\/div><\/div><\/fieldset><\/div><\/div>\n        <div class='gform-footer gform_footer top_label'> <input type='submit' id='gform_submit_button_3' class='gform_button button' onclick='gform.submission.handleButtonClick(this);' data-submission-type='submit' value='Envoyer'  \/> <input type='hidden' name='gform_ajax' value='form_id=3&amp;title=&amp;description=&amp;tabindex=0&amp;theme=gravity-theme&amp;styles=[]&amp;hash=f3eba38b98d1eb19b861ff3d09ffa7e1' \/>\n            <input type='hidden' class='gform_hidden' name='gform_submission_method' data-js='gform_submission_method_3' value='iframe' \/>\n            <input type='hidden' class='gform_hidden' name='gform_theme' data-js='gform_theme_3' id='gform_theme_3' value='gravity-theme' \/>\n            <input type='hidden' class='gform_hidden' name='gform_style_settings' data-js='gform_style_settings_3' id='gform_style_settings_3' value='[]' \/>\n            <input type='hidden' class='gform_hidden' name='is_submit_3' value='1' \/>\n            <input type='hidden' class='gform_hidden' name='gform_submit' value='3' \/>\n            \n            <input type='hidden' class='gform_hidden' name='gform_currency' data-currency='EUR' value='T3IPCiyD47FIfBM+pMShOmjUI7asictANRxQma8nngs0cPzffQuzpJifzfkpb3yCdjH9dXsOKLp1t991EDnoq87cTAcjIO8SxLUpzRyAAAdgz90=' \/>\n            <input type='hidden' class='gform_hidden' name='gform_unique_id' value='' \/>\n            <input type='hidden' class='gform_hidden' name='state_3' value='WyJbXSIsIjVkMmRiZmE5YzgxODVlNGVkYjc0YWFjZDYxNGZlNjZlIl0=' \/>\n            <input type='hidden' autocomplete='off' class='gform_hidden' name='gform_target_page_number_3' id='gform_target_page_number_3' value='0' \/>\n            <input type='hidden' autocomplete='off' class='gform_hidden' name='gform_source_page_number_3' id='gform_source_page_number_3' value='1' \/>\n            <input type='hidden' name='gform_field_values' value='' \/>\n            \n        <\/div>\n                        <\/form>\n                        <\/div>\n\t\t                <iframe style='display:none;width:0px;height:0px;' src='about:blank' name='gform_ajax_frame_3' id='gform_ajax_frame_3' title='Cette iframe contient la logique n\u00e9cessaire pour manipuler Gravity Forms avec Ajax.'><\/iframe>\n\t\t                <script type=\"text\/javascript\">\n\/* <![CDATA[ *\/\n gform.initializeOnLoaded( function() {gformInitSpinner( 3, 'https:\/\/www.riskreporter.eu\/wp-content\/plugins\/gravityforms\/images\/spinner.svg', true );jQuery('#gform_ajax_frame_3').on('load',function(){var contents = jQuery(this).contents().find('*').html();var is_postback = contents.indexOf('GF_AJAX_POSTBACK') >= 0;if(!is_postback){return;}var form_content = jQuery(this).contents().find('#gform_wrapper_3');var is_confirmation = jQuery(this).contents().find('#gform_confirmation_wrapper_3').length > 0;var is_redirect = contents.indexOf('gformRedirect(){') >= 0;var is_form = form_content.length > 0 && ! is_redirect && ! is_confirmation;var mt = parseInt(jQuery('html').css('margin-top'), 10) + parseInt(jQuery('body').css('margin-top'), 10) + 100;if(is_form){jQuery('#gform_wrapper_3').html(form_content.html());if(form_content.hasClass('gform_validation_error')){jQuery('#gform_wrapper_3').addClass('gform_validation_error');} else {jQuery('#gform_wrapper_3').removeClass('gform_validation_error');}setTimeout( function() { \/* delay the scroll by 50 milliseconds to fix a bug in chrome *\/ jQuery(document).scrollTop(jQuery('#gform_wrapper_3').offset().top - mt); }, 50 );if(window['gformInitDatepicker']) {gformInitDatepicker();}if(window['gformInitPriceFields']) {gformInitPriceFields();}var current_page = jQuery('#gform_source_page_number_3').val();gformInitSpinner( 3, 'https:\/\/www.riskreporter.eu\/wp-content\/plugins\/gravityforms\/images\/spinner.svg', true );jQuery(document).trigger('gform_page_loaded', [3, current_page]);window['gf_submitting_3'] = false;}else if(!is_redirect){var confirmation_content = jQuery(this).contents().find('.GF_AJAX_POSTBACK').html();if(!confirmation_content){confirmation_content = contents;}jQuery('#gform_wrapper_3').replaceWith(confirmation_content);jQuery(document).scrollTop(jQuery('#gf_3').offset().top - mt);jQuery(document).trigger('gform_confirmation_loaded', [3]);window['gf_submitting_3'] = false;wp.a11y.speak(jQuery('#gform_confirmation_message_3').text());}else{jQuery('#gform_3').append(contents);if(window['gformRedirect']) {gformRedirect();}}jQuery(document).trigger(\"gform_pre_post_render\", [{ formId: \"3\", currentPage: \"current_page\", abort: function() { this.preventDefault(); } }]);        if (event && event.defaultPrevented) {                return;        }        const gformWrapperDiv = document.getElementById( \"gform_wrapper_3\" );        if ( gformWrapperDiv ) {            const visibilitySpan = document.createElement( \"span\" );            visibilitySpan.id = \"gform_visibility_test_3\";            gformWrapperDiv.insertAdjacentElement( \"afterend\", visibilitySpan );        }        const visibilityTestDiv = document.getElementById( \"gform_visibility_test_3\" );        let postRenderFired = false;        function triggerPostRender() {            if ( postRenderFired ) {                return;            }            postRenderFired = true;            gform.core.triggerPostRenderEvents( 3, current_page );            if ( visibilityTestDiv ) {                visibilityTestDiv.parentNode.removeChild( visibilityTestDiv );            }        }        function debounce( func, wait, immediate ) {            var timeout;            return function() {                var context = this, args = arguments;                var later = function() {                    timeout = null;                    if ( !immediate ) func.apply( context, args );                };                var callNow = immediate && !timeout;                clearTimeout( timeout );                timeout = setTimeout( later, wait );                if ( callNow ) func.apply( context, args );            };        }        const debouncedTriggerPostRender = debounce( function() {            triggerPostRender();        }, 200 );        if ( visibilityTestDiv && visibilityTestDiv.offsetParent === null ) {            const observer = new MutationObserver( ( mutations ) => {                mutations.forEach( ( mutation ) => {                    if ( mutation.type === 'attributes' && visibilityTestDiv.offsetParent !== null ) {                        debouncedTriggerPostRender();                        observer.disconnect();                    }                });            });            observer.observe( document.body, {                attributes: true,                childList: false,                subtree: true,                attributeFilter: [ 'style', 'class' ],            });        } else {            triggerPostRender();        }    } );} ); \n\/* ]]> *\/\n<\/script>\n\n<\/div><\/section><br \/>\n\n<style type=\"text\/css\" data-created_by=\"avia_inline_auto\" id=\"style-css-av-l4gtv8ib-495428156d819ac02ffb28b5463c8172\">\n#top .av_textblock_section.av-l4gtv8ib-495428156d819ac02ffb28b5463c8172 .avia_textblock{\nfont-size:14px;\n}\n<\/style>\n<section  class='av_textblock_section av-l4gtv8ib-495428156d819ac02ffb28b5463c8172 '   itemscope=\"itemscope\" itemtype=\"https:\/\/schema.org\/CreativeWork\" ><div class='avia_textblock vdlp-recaptcha-text'  itemprop=\"text\" ><p>Ce site est prot\u00e9g\u00e9 par reCAPTCHA et les <a href=\"https:\/\/policies.google.com\/privacy\">r\u00e8gles de confidentialit\u00e9<\/a> et les <a href=\"https:\/\/policies.google.com\/terms\">conditions d&rsquo;utilisation<\/a> de Google s&rsquo;appliquent.<\/p>\n<\/div><\/section><\/p><\/div><div  class='flex_column av-21g2m-fefdd63df4dee33e5a818aa528ce7b2a av_one_fifth  avia-builder-el-11  el_after_av_two_third  el_before_av_one_third  first flex_column_div  column-top-margin'     ><\/div>\n<style type=\"text\/css\" data-created_by=\"avia_inline_auto\" id=\"style-css-av-4rb6-334b311713c30636b98a4d9d53868edc\">\n.flex_column.av-4rb6-334b311713c30636b98a4d9d53868edc{\nborder-radius:32px 32px 32px 32px;\npadding:50px 50px 50px 50px;\n}\n<\/style>\n<div  class='flex_column av-4rb6-334b311713c30636b98a4d9d53868edc av_one_third  avia-builder-el-12  el_after_av_one_fifth  el_before_av_one_third  flex_column_div  column-top-margin'     ><section  class='av_textblock_section av-lt5ys78a-a7691777e78411021211c059fb39a3c9 '   itemscope=\"itemscope\" itemtype=\"https:\/\/schema.org\/CreativeWork\" ><div class='avia_textblock'  itemprop=\"text\" ><p><strong>Lexerta Pay-Bas<\/strong><br \/>\nMunsterstraat 2c<br \/>\n7418 EV Deventer<\/p>\n<\/div><\/section><\/div>\n<style type=\"text\/css\" data-created_by=\"avia_inline_auto\" id=\"style-css-av-124ry-d40001fe2928e2a9d37eee39a980106e\">\n.flex_column.av-124ry-d40001fe2928e2a9d37eee39a980106e{\nborder-radius:32px 32px 32px 32px;\npadding:50px 50px 50px 50px;\n}\n<\/style>\n<div  class='flex_column av-124ry-d40001fe2928e2a9d37eee39a980106e av_one_third  avia-builder-el-14  el_after_av_one_third  avia-builder-el-last  flex_column_div  column-top-margin'     ><section  class='av_textblock_section av-lt5ytnxz-a76e3903ec177b4192ad357cdf27620c '   itemscope=\"itemscope\" itemtype=\"https:\/\/schema.org\/CreativeWork\" ><div class='avia_textblock'  itemprop=\"text\" ><p><strong>Lexerta Belgique<br \/>\n<\/strong>De Regenboog 11<br \/>\n2800 Malines, Belgique<\/p>\n<\/div><\/section><\/div>\n<\/div><\/div><\/main><!-- close content main element --><\/div><\/div><div id='after_section_1'  class='main_color av_default_container_wrap container_wrap sidebar_right'  ><div class='container av-section-cont-open' ><div class='template-page content  av-content-small alpha units'><div class='post-entry post-entry-type-page post-entry-3938'><div class='entry-content-wrapper clearfix'>\n","protected":false},"excerpt":{"rendered":"","protected":false},"author":1,"featured_media":0,"parent":0,"menu_order":200,"comment_status":"closed","ping_status":"closed","template":"","meta":{"_acf_changed":false,"footnotes":""},"class_list":["post-3938","page","type-page","status-publish","hentry"],"acf":[],"_links":{"self":[{"href":"https:\/\/www.riskreporter.eu\/fr\/wp-json\/wp\/v2\/pages\/3938","targetHints":{"allow":["GET"]}}],"collection":[{"href":"https:\/\/www.riskreporter.eu\/fr\/wp-json\/wp\/v2\/pages"}],"about":[{"href":"https:\/\/www.riskreporter.eu\/fr\/wp-json\/wp\/v2\/types\/page"}],"author":[{"embeddable":true,"href":"https:\/\/www.riskreporter.eu\/fr\/wp-json\/wp\/v2\/users\/1"}],"replies":[{"embeddable":true,"href":"https:\/\/www.riskreporter.eu\/fr\/wp-json\/wp\/v2\/comments?post=3938"}],"version-history":[{"count":0,"href":"https:\/\/www.riskreporter.eu\/fr\/wp-json\/wp\/v2\/pages\/3938\/revisions"}],"wp:attachment":[{"href":"https:\/\/www.riskreporter.eu\/fr\/wp-json\/wp\/v2\/media?parent=3938"}],"curies":[{"name":"wp","href":"https:\/\/api.w.org\/{rel}","templated":true}]}}