{"id":4062,"date":"2024-02-20T12:41:29","date_gmt":"2024-02-20T11:41:29","guid":{"rendered":"https:\/\/www.riskreporter.eu\/conditions-dutilisation\/"},"modified":"2024-04-10T11:45:55","modified_gmt":"2024-04-10T09:45:55","slug":"conditions-dutilisation","status":"publish","type":"page","link":"https:\/\/www.riskreporter.eu\/fr\/conditions-dutilisation\/","title":{"rendered":"Conditions d\u2019utilisation"},"content":{"rendered":"<div id='av_section_1'  class='avia-section av-91ks9-11d1f68cf2327f2864f131d335d5c65f main_color avia-section-default avia-no-border-styling  avia-builder-el-0  avia-builder-el-no-sibling  avia-bg-style-scroll container_wrap sidebar_right'  ><div class='container av-section-cont-open' ><main  role=\"main\" itemprop=\"mainContentOfPage\"  class='template-page content  av-content-small alpha units'><div class='post-entry post-entry-type-page post-entry-4062'><div class='entry-content-wrapper clearfix'>\n\n<style type=\"text\/css\" data-created_by=\"avia_inline_auto\" id=\"style-css-av-khbuhk16-396a8be0895f2e4a242867066a233da7\">\n.flex_column.av-khbuhk16-396a8be0895f2e4a242867066a233da7{\nborder-radius:0px 0px 0px 0px;\npadding:0px 0px 0px 0px;\n}\n<\/style>\n<div  class='flex_column av-khbuhk16-396a8be0895f2e4a242867066a233da7 av_one_fifth  avia-builder-el-1  el_before_av_three_fifth  avia-builder-el-first  first flex_column_div av-hide-on-mobile av-zero-column-padding  '     ><\/div>\n<style type=\"text\/css\" data-created_by=\"avia_inline_auto\" id=\"style-css-av-25tmq-2594d380fb7c077ae039eb149e1febeb\">\n.flex_column.av-25tmq-2594d380fb7c077ae039eb149e1febeb{\nborder-radius:0px 0px 0px 0px;\npadding:0px 0px 0px 0px;\n}\n<\/style>\n<div  class='flex_column av-25tmq-2594d380fb7c077ae039eb149e1febeb av_three_fifth  avia-builder-el-2  el_after_av_one_fifth  el_before_av_one_fifth  flex_column_div av-zero-column-padding  '     ><p>\n<style type=\"text\/css\" data-created_by=\"avia_inline_auto\" id=\"style-css-av-757d5-da2efd529e6c846b96c7960fb0bb7134\">\n#top .av-special-heading.av-757d5-da2efd529e6c846b96c7960fb0bb7134{\npadding-bottom:30px;\n}\nbody .av-special-heading.av-757d5-da2efd529e6c846b96c7960fb0bb7134 .av-special-heading-tag .heading-char{\nfont-size:25px;\n}\n.av-special-heading.av-757d5-da2efd529e6c846b96c7960fb0bb7134 .av-subheading{\nfont-size:15px;\n}\n<\/style>\n<div  class='av-special-heading av-757d5-da2efd529e6c846b96c7960fb0bb7134 av-special-heading-h1 blockquote modern-quote  avia-builder-el-3  el_before_av_textblock  avia-builder-el-first  av-linked-heading'><h1 class='av-special-heading-tag '  itemprop=\"headline\"  >Conditions d\u2019utilisation<\/h1><div class=\"special-heading-border\"><div class=\"special-heading-inner-border\"><\/div><\/div><\/div><br \/>\n<section  class='av_textblock_section av-s8ty-96eb9eb1b79074e4a3ea92c02ad19434 '   itemscope=\"itemscope\" itemtype=\"https:\/\/schema.org\/CreativeWork\" ><div class='avia_textblock'  itemprop=\"text\" ><h2>1. G\u00e9n\u00e9ralit\u00e9s<\/h2>\n<p>1.1. Les pr\u00e9sentes conditions s\u2019appliquent \u00e0 l\u2019utilisation des produits de Lexerta par une personne (morale), d\u00e9nomm\u00e9e \u00ab le Client \u00bb dans la suite, qui s\u2019engage \u00e0 payer pour cela un prix en argent.<\/p>\n<p>1.2. Sauf convention contraire expresse dans les pr\u00e9sentes conditions d\u2019utilisation, les articles 1er, 2, 4, 7, 8, 9, 10, 13, 14 et 15 des Conditions g\u00e9n\u00e9rales s\u2019appliquent par analogie aux pr\u00e9sentes conditions.<\/p>\n<h2>2. D\u00e9finitions<\/h2>\n<p><strong>Client<\/strong> d\u00e9signe toute personne physique exer\u00e7ant une profession ou toute entreprise ou personne morale qui a conclu un contrat avec Lexerta ou avec un partenaire de l\u2019un d\u2019eux ou qui en a du moins l\u2019intention.<\/p>\n<p><strong>Conditions d\u2019utilisation<\/strong> d\u00e9signe les pr\u00e9sentes conditions applicables \u00e0 l\u2019utilisation des produits.<\/p>\n<p><strong>Conditions g\u00e9n\u00e9rales<\/strong> d\u00e9signe les conditions g\u00e9n\u00e9rales de Lexerta.<\/p>\n<p><strong>Contrat<\/strong> d\u00e9signe le contrat de mission \u00e9crit conclu entre le client et Lexerta ou un partenaire et arr\u00eatant les conditions et modalit\u00e9s sp\u00e9cifiques selon lesquelles Lexerta ou le partenaire concern\u00e9 livrera\/livreront ou fera\/feront livrer les produits au client.<\/p>\n<p><strong>D\u00e9faut<\/strong> d\u00e9signe un d\u00e9faut d\u00e9montrable et reproductible dans des produits qui a pour effet que la fonctionnalit\u00e9 des produits diff\u00e8re sensiblement de sa description dans la documentation et\/ou le contrat.<\/p>\n<p><strong>Disponible\/disponibilit\u00e9<\/strong> font r\u00e9f\u00e9rence \u00e0 la p\u00e9riode correspondant aux heures de bureau.<\/p>\n<p><strong>Documentation<\/strong> d\u00e9signe la description de la fonctionnalit\u00e9 des produits mise \u00e0 disposition (en ligne).<\/p>\n<p><strong>Donn\u00e9es de connexion<\/strong> d\u00e9signe les donn\u00e9es d\u2019authentification d\u00e9crites \u00e0 l\u2019article 5 des pr\u00e9sentes conditions d\u2019utilisation et permettant d\u2019avoir acc\u00e8s \u00e0 les produits.<\/p>\n<p><strong>\u00c9crit signifie<\/strong> \u00ab par \u00e9crit \u00bb, \u00ab par e\u2011mail \u00bb, \u00ab via le site web de Lexerta \u00bb ou \u00ab par une autre voie \u00e9lectronique convenue entre le client et Lexerta ou le partenaire \u00bb, des notifications pouvant \u00eatre stock\u00e9es et donn\u00e9es \u00e0 lire dans un d\u00e9lai raisonnable.<\/p>\n<p><strong>Environnement d\u2019h\u00e9bergement<\/strong> d\u00e9signe les serveurs du fournisseur sur lesquels des produits a \u00e9t\u00e9 install\u00e9 et qui sont accessibles via Internet ou un autre r\u00e9seau.<\/p>\n<p><strong>Heures de bureau<\/strong> d\u00e9signe la p\u00e9riode allant du lundi au vendredi, de 08 h 00 \u00e0 17 h 00, sauf les jours f\u00e9ri\u00e9s g\u00e9n\u00e9ralement admis et les jours f\u00e9ri\u00e9s nationaux.<\/p>\n<p><strong>Incident<\/strong> d\u00e9signe une panne qui a pour effet que les produits n\u2019est pas disponible et qui n\u2019est pas la cons\u00e9quence d\u2019un d\u00e9faut.<\/p>\n<p><strong>Lexerta<\/strong> d\u00e9signe la soci\u00e9t\u00e9 priv\u00e9e \u00e0 responsabilit\u00e9 limit\u00e9e Lexerta Belgi\u00eb S.R.L. ou Lexerta Nederland B.V.<\/p>\n<p><strong>Partenaire<\/strong> d\u00e9signe la personne physique exer\u00e7ant une profession ou l\u2019entreprise ou personne morale qui, en vertu d\u2019un contrat de collaboration pass\u00e9 avec Lexerta, est autoris\u00e9e \u00e0 proposer les produits au client en son nom propre ou \u00e0 conclure un contrat avec le client en son nom propre.<\/p>\n<p><strong>Produits<\/strong> d\u00e9signe l\u2019application en ligne et tous ses sous-produits (sp\u00e9cifiques) mis \u00e0 la disposition du client et\/ou des utilisateurs via Internet.<\/p>\n<p><strong>Utilisateur<\/strong> d\u00e9signe la personne physique, soit un travailleur du client ou une personne \u00e0 qui le client fait appel \u00e0 titre d\u2019auxiliaire, qui utilise les produits.<\/p>\n<h2>3. Livraison des produits<\/h2>\n<p>3.1. Lexerta livrera les produits au client de la fa\u00e7on mentionn\u00e9e dans le contrat, sachant qu\u2019en toute hypoth\u00e8se il y a lieu d\u2019entendre par l\u00e0 :<\/p>\n<ul>\n<li aria-level=\"1\">le fait de (faire) mettre \u00e0 disposition et maintenir les produits et les donn\u00e9es du client au sein de l\u2019environnement d\u2019h\u00e9bergement ;<\/li>\n<li aria-level=\"1\">le fait de (faire) pourvoir \u00e0 des mesures techniques et organisationnelles appropri\u00e9es dans l\u2019environnement d\u2019h\u00e9bergement aux fins de prot\u00e9ger les produits et les donn\u00e9es du client contre la perte et la destruction et contre toute forme d\u2019acc\u00e8s ou d\u2019utilisation non autoris\u00e9(e) ;<\/li>\n<li aria-level=\"1\">la fourniture d\u2019une assistance au client ou \u00e0 l\u2019utilisateur pendant les heures de bureau, telle que pr\u00e9cis\u00e9e \u00e0 l\u2019article 6 des pr\u00e9sentes conditions d\u2019utilisation ;<\/li>\n<li aria-level=\"1\">dans la mesure o\u00f9 il en a \u00e9t\u00e9 convenu dans le contrat, la r\u00e9alisation d\u2019une copie de sauvegarde des donn\u00e9es du client trait\u00e9es au moyen des produits.<\/li>\n<\/ul>\n<h2>4. Utilisation des produits<\/h2>\n<p>4.1. Lexerta octroie au client le droit non exclusif et incessible d\u2019utiliser les produits pendant la dur\u00e9e convenue dans le contrat.<\/p>\n<p>4.2. Le client a exclusivement le droit d\u2019utiliser les produits pour les besoins du traitement de donn\u00e9es de sa propre organisation ou pour les besoins de celle-ci. Sauf convention contraire dans le Contrat, le Client n\u2019a pas le droit de c\u00e9der l\u2019utilisation des produits \u00e0 un tiers ou de mettre un tiers en \u00e9tat d\u2019utiliser les produits.<\/p>\n<p>4.3. Lexerta a le droit de prendre des mesures techniques aux fins de la protection de l\u2019utilisation convenue des produits.<\/p>\n<p>4.4. Lexerta a le droit de (faire) modifier \u00e0 son gr\u00e9 la nature, l\u2019\u00e9tendue et les fonctionnalit\u00e9s des produits, sachant que l\u2019on entend par l\u00e0 la mise \u00e0 jour ou \u00e0 niveau des produits. Lexerta n\u2019est tenue de maintenir en l\u2019\u00e9tat certaines fonctionnalit\u00e9s et\/ou caract\u00e9ristiques des produits \u00e0 la demande du client.<\/p>\n<p>4.5. Lexerta peut mettre les produits temporairement hors service en tout ou en partie aux fins de sa maintenance ou pour des raisons de s\u00e9curit\u00e9. Lexerta s\u2019efforce de faire se d\u00e9rouler la mise hors service autant que possible en dehors des heures de bureau ou, si ce n\u2019est pas possible, de la faire se d\u00e9rouler autant que possible apr\u00e8s l\u2019avoir notifi\u00e9e au client.<\/p>\n<p>4.6. En cas d\u2019utilisation autre que celle convenue ou en cas de charges de l\u2019environnement d\u2019h\u00e9bergement exc\u00e9dant celles d\u2019une utilisation normale, le client est tenu, \u00e0 la demande de Lexerta, d\u2019arr\u00eater sur-le-champ l\u2019utilisation ou la charge pr\u00e9cit\u00e9e et de la garder arr\u00eat\u00e9e. Lexerta a le droit de suspendre son obligation de fournir les produits sans communication pr\u00e9alable \u00e0 ce sujet si le client n\u2019arr\u00eate pas sur-le-champ l\u2019utilisation ou la charge pr\u00e9cit\u00e9e ou ne la garde pas arr\u00eat\u00e9e.<\/p>\n<p>4.7. Si le client est fond\u00e9, en vertu du contrat, \u00e0 c\u00e9der l\u2019utilisation des produits \u00e0 un tiers, le client assume, \u00e0 l\u2019\u00e9gard de Lexerta, la responsabilit\u00e9 de l\u2019utilisation des produits par le tiers concern\u00e9 et le client est tenu de veiller \u00e0 ce que le tiers concern\u00e9 utilise les produits conform\u00e9ment aux pr\u00e9sentes conditions d\u2019utilisation. Le client garantit Lexerta contre d\u2019\u00e9ventuelles pr\u00e9tentions de ces tiers et contre le pr\u00e9judice \u00e9ventuel et l\u2019int\u00e9gralit\u00e9 des frais (de justice) que Lexerta subit ou expose en lien avec la pr\u00e9tention pr\u00e9cit\u00e9e.<\/p>\n<p>4.8. Lexerta a le droit de supprimer des donn\u00e9es du client et\/ou d\u2019utilisateurs si celles-ci :<\/p>\n<ul>\n<li aria-level=\"1\">sont inappropri\u00e9es, insultantes, discriminatoires, scandaleuses ou blessantes de l\u2019avis de Lexerta;<\/li>\n<li aria-level=\"1\">reposent sur des mensonges ou sont illicites de l\u2019avis de Lexerta;<\/li>\n<li aria-level=\"1\">violent les droits de tiers ou de Lexerta;<\/li>\n<li aria-level=\"1\">violent la vie priv\u00e9e de tiers.<\/li>\n<\/ul>\n<p>4.9. Lexerta a le droit de mettre fin, en tout ou partie, \u00e0 l\u2019utilisation des produits par le client et\/ou les utilisateurs, sans \u00eatre tenue de verser une indemnit\u00e9 au client \u00e0 quelque titre que ce soit, si :<\/p>\n<ul>\n<li aria-level=\"1\">Lexerta est tenue de le faire en vertu de dispositions l\u00e9gislatives ou r\u00e9glementaires nationales ou internationales ou en vertu d\u2019une d\u00e9cision judiciaire ;<\/li>\n<li aria-level=\"1\">le client et\/ou un utilisateur et\/ou un tiers autoris\u00e9 n\u00e9glige d\u2019ex\u00e9cuter une ou plusieurs obligations r\u00e9sultant du contrat, des Conditions g\u00e9n\u00e9rales et\/ou des pr\u00e9sentes conditions d\u2019utilisation.<\/li>\n<\/ul>\n<h2>5. Donn\u00e9es de connexion<\/h2>\n<p>5.1. Le client est tenu de veiller \u00e0 ce que les donn\u00e9es de connexion de ses utilisateurs soient suffisamment s\u00e9curis\u00e9es et \u00e0 ce que ses utilisateurs les gardent secr\u00e8tes. Les donn\u00e9es de connexion sont li\u00e9es \u00e0 la personne de l\u2019utilisateur. Le client informera sans d\u00e9lai Lexerta par \u00e9crit d\u00e8s qu\u2019il aura connaissance d\u2019une quelconque utilisation non autoris\u00e9e des donn\u00e9es de connexion ou de toute autre violation des mesures de protection \u00e0 l\u2019\u00e9gard des produits.<\/p>\n<p>5.2. Si Lexerta suppose ou constate que des tiers font un usage non autoris\u00e9 des donn\u00e9es de connexion d\u2019utilisateurs ou si, conform\u00e9ment au point 5.1, le client en informe Lexerta par \u00e9crit, Lexerta a le droit de bloquer imm\u00e9diatement et sans notification pr\u00e9alable les donn\u00e9es de connexion concern\u00e9es. Le client est responsable vis-\u00e0-vis de Lexerta du pr\u00e9judice que Lexerta subit suite \u00e0 l\u2019utilisation non autoris\u00e9e des donn\u00e9es de connexion. Le client garantit Lexerta contre d\u2019\u00e9ventuelles actions de tiers li\u00e9es \u00e0 l\u2019utilisation non autoris\u00e9e pr\u00e9cit\u00e9e des donn\u00e9es de connexion et contre l\u2019\u00e9ventuel pr\u00e9judice et la totalit\u00e9 des frais (de justice) que Lexerta subit ou expose en lien avec l\u2019action pr\u00e9cit\u00e9e.<\/p>\n<h2>6. Support, D\u00e9fauts et Incidents<\/h2>\n<p>6.1. Lexerta ou un tiers d\u00e9sign\u00e9 par elle effectue pendant les heures de bureau, \u00e0 la demande du client, des op\u00e9rations de support pour les besoins du client et\/ou des utilisateurs, lesquelles op\u00e9rations visent exclusivement (i) \u00e0 transmettre des informations et des conseils concernant l\u2019utilisation des produits et (ii) \u00e0 r\u00e9soudre ou r\u00e9parer des d\u00e9fauts et des incidents.<\/p>\n<p>6.2. Le client et\/ou le ou les utilisateurs doi(ven)t notifier les incidents et les d\u00e9fauts par \u00e9crit \u00e0 Lexerta, laquelle notification doit \u00eatre autant que possible pourvue d\u2019une documentation aussi d\u00e9taill\u00e9e que possible sur le d\u00e9faut ou l\u2019incident. Le client est tenu, \u00e0 premi\u00e8re demande de Lexerta, de pr\u00eater son concours \u00e0 la collecte de pr\u00e9cisions sur un d\u00e9faut ou un incident.<\/p>\n<p>6.3. Lexerta r\u00e9agira d\u00e8s que possible pendant les heures de bureau \u00e0 une notification et commencera \u00e0 (faire) r\u00e9soudre ou r\u00e9parer le d\u00e9faut ou l\u2019incident si et seulement si le d\u00e9faut ou l\u2019incident notifi\u00e9 est d\u00e9montrable et reproductible.<\/p>\n<p>6.4. Les activit\u00e9s que Lexerta doit faire ex\u00e9cuter en raison (i) d\u2019une utilisation incomp\u00e9tente ou fautive des produits ou (ii) du non-respect des instructions transmises par Lexerta ou (iii) d\u2019une utilisation contraire au contrat ou aux pr\u00e9sentes conditions d\u2019utilisation ou (iv) d\u2019une utilisation contraire \u00e0 la documentation sont mises \u00e0 charge du client par Lexerta aux tarifs en vigueur \u00e0 ce moment-l\u00e0.<\/p>\n<h2>7. Obligations du client<\/h2>\n<p>7.1. Le client doit prendre lui-m\u00eame des mesures techniques et organisationnelles appropri\u00e9es eu \u00e9gard \u00e0 la protection de ses \u00e9quipements, de son infrastructure IT et de sa\/ses liaison(s) de communication de donn\u00e9es contre les virus, les malwares et menaces comparables.<\/p>\n<p>7.2. Le client doit prendre lui-m\u00eame des mesures techniques et organisationnelles appropri\u00e9es pour \u00e9viter que des tiers non autoris\u00e9s acc\u00e8dent, de quelque fa\u00e7on que ce soit, \u00e0 les produits ou \u00e0 l\u2019environnement d\u2019h\u00e9bergement.<\/p>\n<p>7.3. Le client est lui-m\u00eame responsable des donn\u00e9es trait\u00e9es au moyen des produits et des d\u00e9cisions prises sur cette base.<\/p>\n<p>7.4. Le client est tenu de contr\u00f4ler le respect, par les utilisateurs, des obligations d\u00e9coulant du contrat, des Conditions g\u00e9n\u00e9rales et des pr\u00e9sentes conditions d\u2019utilisation. Le client garantit Lexerta en lien avec les actions de tiers r\u00e9sultant de l\u2019utilisation des produits par les utilisateurs et contre l\u2019\u00e9ventuel pr\u00e9judice et la totalit\u00e9 des frais (de justice) que Lexerta subit ou expose en lien avec l\u2019action pr\u00e9cit\u00e9e.<\/p>\n<h2>8. Droits de propri\u00e9t\u00e9 intellectuelle<\/h2>\n<p>8.1. En compl\u00e9ment de l\u2019article 8 des Conditions g\u00e9n\u00e9rales, les droits de propri\u00e9t\u00e9 intellectuelle relatifs \u00e0 les produits et \u00e0 la documentation appartiennent \u00e0 Lexerta. Le client n\u2019a pas le droit d\u2019acc\u00e9der au code source et\/ou au code objet des produits.<\/p>\n<p>8.2. Tous les droits de propri\u00e9t\u00e9 intellectuelle relatifs aux donn\u00e9es du client appartiennent \u00e0 celui-ci. Le client garantit Lexerta contre les actions de tiers concernant une \u00e9ventuelle violation de droits de propri\u00e9t\u00e9 intellectuelle du ou des tiers concern\u00e9s dues (pour partie) aux donn\u00e9es du client.<\/p>\n<h2>9.\u00a0 Responsabilit\u00e9<\/h2>\n<p>9.1. En compl\u00e9ment de l\u2019article 9 des Conditions g\u00e9n\u00e9rales, Lexerta n\u2019est pas responsable du pr\u00e9judice cons\u00e9cutif (i) \u00e0 l\u2019utilisation incomp\u00e9tente ou fautive des produits par le client ou les utilisateurs, ou (ii) \u00e0 des donn\u00e9es corrompues ou perdues ou \u00e0 d\u2019autres donn\u00e9es du client suite \u00e0 des d\u00e9fauts, incidents ou \u00e0 une cause g\u00e9n\u00e9ralement quelconque.<\/p>\n<p>9.2. Lexerta ne garantit pas que les produits r\u00e9pond aux objectifs du client quant \u00e0 l\u2019utilisation des produits, que les produits sera conc\u00e9d\u00e9 sans interruption, ni incidents ou d\u00e9fauts et que les \u00e9ventuels incidents ou d\u00e9fauts pourront \u00eatre r\u00e9par\u00e9s.<\/p>\n<h2>10. Protection de la vie priv\u00e9e<\/h2>\n<p>10.1. Lorsque Lexerta ou le client re\u00e7oit au cours de l\u2019ex\u00e9cution du contrat des donn\u00e9es \u00e0 caract\u00e8re personnel qui lui sont transmises par l\u2019autre et qu\u2019elle traite ces donn\u00e9es, elle les traitera d\u00fbment et avec diligence et elle se conformera aux prescriptions l\u00e9gales r\u00e9sultant du R\u00e8glement g\u00e9n\u00e9ral sur la protection des donn\u00e9es.<\/p>\n<p>10.2. Lexerta prend des mesures techniques et organisationnelles appropri\u00e9es pour prot\u00e9ger les donn\u00e9es \u00e0 caract\u00e8re personnel contre la perte et contre toute forme de traitement illicite ou non autoris\u00e9, dont leur collecte superflue et leur traitement ult\u00e9rieur.<\/p>\n<p>10.3. Lexerta et le Client s\u2019informent mutuellement dans un d\u00e9lai de cinq (5) jours ouvrables de toute requ\u00eate et\/ou r\u00e9clamation de l\u2019autorit\u00e9 de contr\u00f4le ou de la personne concern\u00e9e au sujet des donn\u00e9es \u00e0 caract\u00e8re personnel trait\u00e9es lors de l\u2019ex\u00e9cution du Contrat. Lexerta et le client se pr\u00eatent mutuellement l\u2019assistance requise pour r\u00e9pondre aux requ\u00eates des personnes concern\u00e9es ou de l\u2019autorit\u00e9 de contr\u00f4le.<\/p>\n<p>10.4. Le Client garantit Lexerta contre les sanctions administratives, r\u00e9paratrices et r\u00e9pressives inflig\u00e9es \u00e0 Lexerta dans le cadre des traitements que Lexerta ex\u00e9cute lors de l\u2019ex\u00e9cution du contrat.<\/p>\n<p>10.5. Le client garantit Lexerta contre les actions de personnes dont les donn\u00e9es \u00e0 caract\u00e8re personnel ont \u00e9t\u00e9 saisies ou trait\u00e9es dans les produits.<\/p>\n<h2>11. Exportation de donn\u00e9es du client<\/h2>\n<p>11.1. Si le contrat prend fin pour un motif g\u00e9n\u00e9ralement quelconque, Lexerta offre au client la possibilit\u00e9 de recevoir \u2013 aux tarifs en vigueur \u00e0 ce moment-l\u00e0 \u2013 les donn\u00e9es du client dans les produits sous la forme d\u2019une archive lisible, au moyen de l\u2019exportation, par le fournisseur, d\u2019un fichier de donn\u00e9es au format XML. Si le client souhaite faire usage de cette possibilit\u00e9, il doit le communiquer par \u00e9crit \u00e0 Lexerta au plus tard quatorze jours avant la fin du contrat. Si le client souhaite recevoir le fichier de donn\u00e9es dans un autre format que le XML, il doit le notifier par \u00e9crit dans la communication pr\u00e9cit\u00e9e.<\/p>\n<p>11.2. D\u00e8s que le contrat a pris fin, les donn\u00e9es du client sont supprim\u00e9es. Lexerta fournit, sur demande du client, la preuve de leur destruction.<\/p>\n<\/div><\/section><\/p><\/div>\n<style type=\"text\/css\" data-created_by=\"avia_inline_auto\" id=\"style-css-av-khbuhk16-1-beacfa76332fdf4e73f3e8e3ff5043aa\">\n.flex_column.av-khbuhk16-1-beacfa76332fdf4e73f3e8e3ff5043aa{\nborder-radius:0px 0px 0px 0px;\npadding:0px 0px 0px 0px;\n}\n<\/style>\n<div  class='flex_column av-khbuhk16-1-beacfa76332fdf4e73f3e8e3ff5043aa av_one_fifth  avia-builder-el-5  el_after_av_three_fifth  avia-builder-el-last  flex_column_div av-hide-on-mobile av-zero-column-padding  '     ><\/div>\n<\/div><\/div><\/main><!-- close content main element --><\/div><\/div><div id='after_section_1'  class='main_color av_default_container_wrap container_wrap sidebar_right'  ><div class='container av-section-cont-open' ><div class='template-page content  av-content-small alpha units'><div class='post-entry post-entry-type-page post-entry-4062'><div class='entry-content-wrapper clearfix'>\n","protected":false},"excerpt":{"rendered":"","protected":false},"author":1,"featured_media":0,"parent":0,"menu_order":1000,"comment_status":"closed","ping_status":"closed","template":"","meta":{"_acf_changed":false,"footnotes":""},"class_list":["post-4062","page","type-page","status-publish","hentry"],"acf":[],"_links":{"self":[{"href":"https:\/\/www.riskreporter.eu\/fr\/wp-json\/wp\/v2\/pages\/4062","targetHints":{"allow":["GET"]}}],"collection":[{"href":"https:\/\/www.riskreporter.eu\/fr\/wp-json\/wp\/v2\/pages"}],"about":[{"href":"https:\/\/www.riskreporter.eu\/fr\/wp-json\/wp\/v2\/types\/page"}],"author":[{"embeddable":true,"href":"https:\/\/www.riskreporter.eu\/fr\/wp-json\/wp\/v2\/users\/1"}],"replies":[{"embeddable":true,"href":"https:\/\/www.riskreporter.eu\/fr\/wp-json\/wp\/v2\/comments?post=4062"}],"version-history":[{"count":0,"href":"https:\/\/www.riskreporter.eu\/fr\/wp-json\/wp\/v2\/pages\/4062\/revisions"}],"wp:attachment":[{"href":"https:\/\/www.riskreporter.eu\/fr\/wp-json\/wp\/v2\/media?parent=4062"}],"curies":[{"name":"wp","href":"https:\/\/api.w.org\/{rel}","templated":true}]}}