{"id":5121,"date":"2024-03-26T09:14:07","date_gmt":"2024-03-26T08:14:07","guid":{"rendered":"https:\/\/www.riskreporter.eu\/prix\/"},"modified":"2024-04-26T10:52:23","modified_gmt":"2024-04-26T08:52:23","slug":"prix","status":"publish","type":"page","link":"https:\/\/www.riskreporter.eu\/fr\/prix\/","title":{"rendered":"Prix"},"content":{"rendered":"\n<style type=\"text\/css\" data-created_by=\"avia_inline_auto\" id=\"style-css-av-434247j-7736ded95f37520f19a680aa5f1704ff\">\n.avia-section.av-434247j-7736ded95f37520f19a680aa5f1704ff{\nbackground-color:#e9e5e0;\nbackground-image:unset;\n}\n<\/style>\n<div id='av_section_1'  class='avia-section av-434247j-7736ded95f37520f19a680aa5f1704ff main_color avia-section-huge avia-no-border-styling  avia-builder-el-0  el_before_av_section  avia-builder-el-first  vdlp-section-bg vdlp-section-pricing-tables avia-bg-style-scroll container_wrap sidebar_right'  ><div class='container av-section-cont-open' ><main  role=\"main\" itemprop=\"mainContentOfPage\"  class='template-page content  av-content-small alpha units'><div class='post-entry post-entry-type-page post-entry-5121'><div class='entry-content-wrapper clearfix'>\n<div  class='flex_column av-41evtsv-36f692f098c5d5f8b8c1a838c2237803 av_one_fifth  avia-builder-el-1  el_before_av_three_fifth  avia-builder-el-first  first flex_column_div av-hide-on-mobile  '     ><\/div><div  class='flex_column av-3ytspdb-fecb518cfbb38e613bd9d9b7e4b0a496 av_three_fifth  avia-builder-el-2  el_after_av_one_fifth  el_before_av_one_fifth  flex_column_div  '     ><p>\n<style type=\"text\/css\" data-created_by=\"avia_inline_auto\" id=\"style-css-av-3y69v9b-2f77798bb8697216af7e911af6f42b9b\">\n#top .av-special-heading.av-3y69v9b-2f77798bb8697216af7e911af6f42b9b{\npadding-bottom:10px;\n}\nbody .av-special-heading.av-3y69v9b-2f77798bb8697216af7e911af6f42b9b .av-special-heading-tag .heading-char{\nfont-size:25px;\n}\n.av-special-heading.av-3y69v9b-2f77798bb8697216af7e911af6f42b9b .av-subheading{\nfont-size:15px;\n}\n<\/style>\n<div  class='av-special-heading av-3y69v9b-2f77798bb8697216af7e911af6f42b9b av-special-heading-h2 blockquote modern-quote modern-centered  avia-builder-el-3  el_before_av_textblock  avia-builder-el-first  av-linked-heading'><h2 class='av-special-heading-tag '  itemprop=\"headline\"  >Abonnements<\/h2><div class=\"special-heading-border\"><div class=\"special-heading-inner-border\"><\/div><\/div><\/div><br \/>\n<section  class='av_textblock_section av-3vovmrz-ac69a35097d2461e10639da5e28f422e '   itemscope=\"itemscope\" itemtype=\"https:\/\/schema.org\/CreativeWork\" ><div class='avia_textblock'  itemprop=\"text\" ><p style=\"text-align: center;\">Il existe trois formules d\u2019abonnement adapt\u00e9es \u00e0 la taille de votre entreprise et aux risques inh\u00e9rents \u00e0 votre secteur d\u2019activit\u00e9. N\u2019h\u00e9sitez pas \u00e0 demander un essai gratuit sans engagement.<\/p>\n<\/div><\/section><br \/>\n\n<style type=\"text\/css\" data-created_by=\"avia_inline_auto\" id=\"style-css-av-dvyv6n-398f3e6816b0ae5bfc07972af8b557b6\">\n#top .hr.hr-invisible.av-dvyv6n-398f3e6816b0ae5bfc07972af8b557b6{\nheight:50px;\n}\n<\/style>\n<div  class='hr av-dvyv6n-398f3e6816b0ae5bfc07972af8b557b6 hr-invisible  avia-builder-el-5  el_after_av_textblock  avia-builder-el-last '><span class='hr-inner '><span class=\"hr-inner-style\"><\/span><\/span><\/div><\/p><\/div><div  class='flex_column av-3sk6x3z-eea31dee062ed0fa0e9cc5e3f364244f av_one_fifth  avia-builder-el-6  el_after_av_three_fifth  el_before_av_table  flex_column_div av-hide-on-mobile  '     ><\/div><div  class='avia-table av-3qijtan-3fb96068a8caa2189f4144a72ad68a60 main_color avia-pricing-table-container avia_show_empty_cells avia_pricing_minimal  avia-builder-el-7  el_after_av_one_fifth  avia-builder-el-last  avia-table-1'  itemscope=\"itemscope\" itemtype=\"https:\/\/schema.org\/Table\" ><div class=\"pricing-table-wrap\"><ul class='pricing-table '><li class='avia-heading-row'><div class='first-table-item'>Riskreporter<br \/><\/div><span class='pricing-extra'><\/span><\/li><li class='avia-heading-row empty-table-cell'><span class='fallback-table-val'>A partir de<br \/><\/span><\/li><li class='avia-pricing-row'><span class=\"currency-symbol\">&euro;<\/span> 84<span class=\"label\">\/mois (hors TVA)<\/span><br \/><\/li><li class='avia-heading-row'>* Facturation annuelle<br \/><\/li><li class=''>100 utilisateurs de l\u2019application<br \/><\/li><li class=''>10 Risk Managers<br \/><\/li><li class=''>Gestion des notiffications en ligne<\/li><li class=''>Assigner automatiquement les notifications re\u00e7ues<\/li><li class=''>Toolbox 1\/4h s\u00e9curit\u00e9 Riskreporter<\/li><li class=''>Outils de Communication<\/li><li class=' empty-table-cell'><span class='fallback-table-val'>Connexion avec un <a href=\"https:\/\/www.riskreporter.eu\/fr\/partenaires\/\">logiciel partenaire performant<\/a><br \/><\/span><\/li><li class=' empty-table-cell'><span class='fallback-table-val'><span class=\"TextRun SCXW184373059 BCX8\" lang=\"NL-BE\" xml:lang=\"NL-BE\" data-contrast=\"auto\"><span class=\"NormalTextRun SpellingErrorV2Themed SCXW184373059 BCX8\">Rapports<\/span> <span class=\"NormalTextRun SpellingErrorV2Themed SCXW184373059 BCX8\">d\u00e9taill\u00e9s<\/span><\/span><span class=\"EOP SCXW184373059 BCX8\" data-ccp-props=\"{\">\u00a0<\/span><br \/><\/span><\/li><li class=' empty-table-cell'><span class='fallback-table-val'>Attribuer des t\u00e2ches<br \/><\/span><\/li><li class='avia-button-row'><div  class='avia-button-wrap av-18b8y7j-6c388c1acea7dbbd848cd1a07d5694b8-wrap avia-button-center  avia-builder-el-8  el_before_av_button  avia-builder-el-first '><a href='https:\/\/www.riskreporter.eu\/fr\/periode-dessai-gratuite\/'  class='avia-button av-18b8y7j-6c388c1acea7dbbd848cd1a07d5694b8 av-link-btn avia-icon_select-no avia-size-medium avia-position-center avia-color-theme-color'   aria-label=\"P\u00e9riode d\u2019essai gratuite\"><span class='avia_iconbox_title' >P\u00e9riode d\u2019essai gratuite<\/span><\/a><\/div><\/li><li class='avia-button-row'><div  class='avia-button-wrap av-lu9jfap7-744ee6757e29a296b4c95efe5835ee04-wrap avia-button-center  avia-builder-el-9  el_after_av_button  el_before_av_button '><a href='https:\/\/app.riskreporter.eu\/subscription'  class='avia-button av-lu9jfap7-744ee6757e29a296b4c95efe5835ee04 av-link-btn avia-icon_select-no avia-size-medium avia-position-center avia-color-theme-color-subtle'   aria-label=\"Abonnez-vous maintenant\"><span class='avia_iconbox_title' >Abonnez-vous maintenant<\/span><\/a><\/div><\/li><\/ul><\/div><div class=\"pricing-table-wrap\"><ul class='pricing-table '><li class='avia-heading-row'><div class='first-table-item'>Riskreporter Plus<br \/><\/div><span class='pricing-extra'><\/span><\/li><li class='avia-heading-row empty-table-cell'><span class='fallback-table-val'>A partir de<br \/><\/span><\/li><li class='avia-pricing-row'><span class=\"currency-symbol\">&euro;<\/span> 146<span class=\"label\">\/mois (hors TVA)<\/span><br \/><\/li><li class='avia-heading-row'>* Facturation annuelle<br \/><\/li><li class=''>250 utilisateurs de l\u2019application<br \/><\/li><li class=''>25 Risk Managers<br \/><\/li><li class=''>Gestion des notiffications en ligne<\/li><li class=''>Assigner automatiquement les notifications re\u00e7ues<br \/><\/li><li class=''>Toolbox 1\/4h s\u00e9curit\u00e9 Riskreporter<br \/><\/li><li class=''>Outils de Communication<\/li><li class=' empty-table-cell'><span class='fallback-table-val'>Connexion avec un <a href=\"https:\/\/www.riskreporter.eu\/fr\/partenaires\/\">logiciel partenaire performant<\/a><br \/><\/span><\/li><li class=' empty-table-cell'><span class='fallback-table-val'><span class=\"TextRun SCXW184373059 BCX8\" lang=\"NL-BE\" xml:lang=\"NL-BE\" data-contrast=\"auto\"><span class=\"NormalTextRun SpellingErrorV2Themed SCXW184373059 BCX8\">Rapports<\/span> <span class=\"NormalTextRun SpellingErrorV2Themed SCXW184373059 BCX8\">d\u00e9taill\u00e9s<\/span><\/span><span class=\"EOP SCXW184373059 BCX8\" data-ccp-props=\"{\">\u00a0<\/span><br \/><\/span><\/li><li class=' empty-table-cell'><span class='fallback-table-val'>Attribuer des t\u00e2ches<br \/><\/span><\/li><li class='avia-button-row'><div  class='avia-button-wrap av-400ngf-8df35309afc2663e5536427d9d91c3c0-wrap avia-button-center  avia-builder-el-10  el_after_av_button  el_before_av_button '><a href='https:\/\/www.riskreporter.eu\/fr\/periode-dessai-gratuite\/'  class='avia-button av-400ngf-8df35309afc2663e5536427d9d91c3c0 av-link-btn avia-icon_select-no avia-size-medium avia-position-center avia-color-theme-color'   aria-label=\"P\u00e9riode d\u2019essai gratuite\"><span class='avia_iconbox_title' >P\u00e9riode d\u2019essai gratuite<\/span><\/a><\/div><\/li><li class='avia-button-row'><div  class='avia-button-wrap av-lu9jfu82-14471dd47b3cc2f5f9daf74e7e2524dd-wrap avia-button-center  avia-builder-el-11  el_after_av_button  el_before_av_button '><a href='https:\/\/app.riskreporter.eu\/subscription'  class='avia-button av-lu9jfu82-14471dd47b3cc2f5f9daf74e7e2524dd av-link-btn avia-icon_select-no avia-size-medium avia-position-center avia-color-theme-color-subtle'   aria-label=\"Abonnez-vous maintenant\"><span class='avia_iconbox_title' >Abonnez-vous maintenant<\/span><\/a><\/div><\/li><\/ul><\/div><div class=\"pricing-table-wrap\"><ul class='pricing-table '><li class='avia-heading-row'><div class='first-table-item'>Riskreporter Enterprise<br \/><\/div><span class='pricing-extra'><\/span><\/li><li class='avia-heading-row'>A partir de<br \/><\/li><li class='avia-pricing-row'><span class=\"currency-symbol\">&euro;<\/span> 167<span class=\"label\">\/mois (hors TVA)<\/span><br \/><\/li><li class='avia-heading-row'>* Facturation annuelle<br \/><\/li><li class=''>Nombre illimit\u00e9 d\u2019utilisateurs de l\u2019application<br \/><\/li><li class=''>Risk Managers illimit\u00e9<br \/><\/li><li class=''>Assigner automatiquement les notifications re\u00e7ues<\/li><li class=''>Toolbox 1\/4h s\u00e9curit\u00e9 Riskreporter<br \/><\/li><li class=''>Outils de Communication<br \/><\/li><li class=''>Tableau de bord<br \/><\/li><li class=''>Connexion avec un <a href=\"https:\/\/www.riskreporter.eu\/fr\/partenaires\/\">logiciel partenaire performant<\/a><br \/><\/li><li class=''><span class=\"TextRun SCXW184373059 BCX8\" lang=\"NL-BE\" xml:lang=\"NL-BE\" data-contrast=\"auto\"><span class=\"NormalTextRun SpellingErrorV2Themed SCXW184373059 BCX8\">Rapports<\/span> <span class=\"NormalTextRun SpellingErrorV2Themed SCXW184373059 BCX8\">d\u00e9taill\u00e9s<\/span><\/span><span class=\"EOP SCXW184373059 BCX8\" data-ccp-props=\"{\">\u00a0<\/span><br \/><\/li><li class=''>Attribuer des t\u00e2ches<br \/><\/li><li class='avia-button-row'><div  class='avia-button-wrap av-10mdqrj-26c6bd677be6a0cf7ea27e2b66b658ac-wrap avia-button-center  avia-builder-el-12  el_after_av_button  avia-builder-el-last '><a href='https:\/\/www.riskreporter.eu\/fr\/demande-dinformation\/'  class='avia-button av-10mdqrj-26c6bd677be6a0cf7ea27e2b66b658ac av-link-btn avia-icon_select-no avia-size-medium avia-position-center avia-color-theme-color'   aria-label=\"Informations requises\"><span class='avia_iconbox_title' >Informations requises<\/span><\/a><\/div><\/li><li class='avia-button-row empty-table-cell'><span class='fallback-table-val'><div  class='avia-button-wrap av-lu9jfap7-744ee6757e29a296b4c95efe5835ee04-wrap avia-button-center  avia-builder-el-9  el_after_av_button  el_before_av_button '><a href='https:\/\/app.riskreporter.eu\/subscription'  class='avia-button av-lu9jfap7-744ee6757e29a296b4c95efe5835ee04 av-link-btn avia-icon_select-no avia-size-medium avia-position-center avia-color-theme-color-subtle'   aria-label=\"Abonnez-vous maintenant\"><span class='avia_iconbox_title' >Abonnez-vous maintenant<\/span><\/a><\/div><\/span><\/li><\/ul><\/div><\/div>\n<\/div><\/div><\/main><!-- close content main element --><\/div><\/div><div id='av_section_2'  class='avia-section av-pv6hhr-f699405a7f579021457ed58d0171713d main_color avia-section-default avia-no-border-styling  avia-builder-el-13  el_after_av_section  el_before_av_section  vdlp-section-testimonials vdlp-section-swiper avia-bg-style-scroll container_wrap sidebar_right'  ><div class='container av-section-cont-open' ><div class='template-page content  av-content-small alpha units'><div class='post-entry post-entry-type-page post-entry-5121'><div class='entry-content-wrapper clearfix'>\n<div  class='flex_column av-nbwb0v-2293007c4a19b8d2382da7a85d236b6f av_one_full  avia-builder-el-14  avia-builder-el-no-sibling  first flex_column_div  '     ><p>\n<style type=\"text\/css\" data-created_by=\"avia_inline_auto\" id=\"style-css-av-lypwgf-6d389d1f66e2eac8e7d999c4c4fe6ed4\">\n#top .av-special-heading.av-lypwgf-6d389d1f66e2eac8e7d999c4c4fe6ed4{\npadding-bottom:10px;\n}\nbody .av-special-heading.av-lypwgf-6d389d1f66e2eac8e7d999c4c4fe6ed4 .av-special-heading-tag .heading-char{\nfont-size:25px;\n}\n.av-special-heading.av-lypwgf-6d389d1f66e2eac8e7d999c4c4fe6ed4 .av-subheading{\nfont-size:15px;\n}\n<\/style>\n<div  class='av-special-heading av-lypwgf-6d389d1f66e2eac8e7d999c4c4fe6ed4 av-special-heading-h2 blockquote modern-quote modern-centered  avia-builder-el-15  el_before_av_codeblock  avia-builder-el-first  av-linked-heading'><h2 class='av-special-heading-tag '  itemprop=\"headline\"  >Des organisations europ\u00e9ennes renomm\u00e9es lui font confiance<\/h2><div class=\"special-heading-border\"><div class=\"special-heading-inner-border\"><\/div><\/div><\/div><br \/>\n<\/p><\/div>\n<\/p>\n<\/div><\/div><\/div><!-- close content main div --><\/div><\/div>\n<style type=\"text\/css\" data-created_by=\"avia_inline_auto\" id=\"style-css-av-j8v3gv-b3310c64d0611860a5ef0a99bef5f6fd\">\n.avia-section.av-j8v3gv-b3310c64d0611860a5ef0a99bef5f6fd{\nbackground-color:#b40000;\nbackground-image:unset;\n}\n<\/style>\n<div id='av_section_3'  class='avia-section av-j8v3gv-b3310c64d0611860a5ef0a99bef5f6fd alternate_color avia-section-large avia-no-border-styling  avia-builder-el-17  el_after_av_section  avia-builder-el-last  vdlp-section-bg vdlp-section-steps avia-bg-style-scroll container_wrap sidebar_right'  ><div class='container av-section-cont-open' ><div class='template-page content  av-content-small alpha units'><div class='post-entry post-entry-type-page post-entry-5121'><div class='entry-content-wrapper clearfix'>\n\n<style type=\"text\/css\" data-created_by=\"avia_inline_auto\" id=\"style-css-av-hnmwsv-ee5b3bd8924034c082169551860139ae\">\n#top .av-special-heading.av-hnmwsv-ee5b3bd8924034c082169551860139ae{\npadding-bottom:10px;\n}\nbody .av-special-heading.av-hnmwsv-ee5b3bd8924034c082169551860139ae .av-special-heading-tag .heading-char{\nfont-size:25px;\n}\n.av-special-heading.av-hnmwsv-ee5b3bd8924034c082169551860139ae .av-subheading{\nfont-size:15px;\n}\n<\/style>\n<div  class='av-special-heading av-hnmwsv-ee5b3bd8924034c082169551860139ae av-special-heading-h2 blockquote modern-quote modern-centered  avia-builder-el-18  el_before_av_one_third  avia-builder-el-first  av-linked-heading'><h2 class='av-special-heading-tag '  itemprop=\"headline\"  >Riskreporter est op\u00e9rationnel en trois \u00e9tapes simples<\/h2><div class='av-subheading av-subheading_below'><p>Votre pr\u00e9vention personnelle des risques 24\/7 sur le lieu de travail.<\/p>\n<\/div><div class=\"special-heading-border\"><div class=\"special-heading-inner-border\"><\/div><\/div><\/div>\n<div class='flex_column_table av-f7zh4f-75ae1ce88602e733ae8d84ce0d0edb93 sc-av_one_third av-equal-height-column-flextable'><div  class='flex_column av-f7zh4f-75ae1ce88602e733ae8d84ce0d0edb93 av_one_third  avia-builder-el-19  el_after_av_heading  el_before_av_two_third  first flex_column_table_cell av-equal-height-column av-align-middle  '     ><style type=\"text\/css\" data-created_by=\"avia_inline_auto\" id=\"style-css-av-dn27z3-119406860d0e70c1324c20785a9167c2\">\n.avia-image-container.av-dn27z3-119406860d0e70c1324c20785a9167c2 img.avia_image{\nbox-shadow:none;\n}\n.avia-image-container.av-dn27z3-119406860d0e70c1324c20785a9167c2 .av-image-caption-overlay-center{\ncolor:#ffffff;\n}\n<\/style>\n<div  class='avia-image-container av-dn27z3-119406860d0e70c1324c20785a9167c2 av-styling- avia-align-center  avia-builder-el-20  avia-builder-el-no-sibling '   itemprop=\"image\" itemscope=\"itemscope\" itemtype=\"https:\/\/schema.org\/ImageObject\" ><div class=\"avia-image-container-inner\"><div class=\"avia-image-overlay-wrap\"><img decoding=\"async\" fetchpriority=\"high\" class='wp-image-4550 avia-img-lazy-loading-not-4550 avia_image ' src=\"https:\/\/www.riskreporter.eu\/wp-content\/uploads\/2024\/03\/Riskreporter-risk-report-now.png\" alt='' title=''  height=\"1602\" width=\"1284\"  itemprop=\"thumbnailUrl\" srcset=\"https:\/\/www.riskreporter.eu\/wp-content\/uploads\/2024\/03\/Riskreporter-risk-report-now.png 1284w, https:\/\/www.riskreporter.eu\/wp-content\/uploads\/2024\/03\/Riskreporter-risk-report-now-240x300.png 240w, https:\/\/www.riskreporter.eu\/wp-content\/uploads\/2024\/03\/Riskreporter-risk-report-now-826x1030.png 826w, https:\/\/www.riskreporter.eu\/wp-content\/uploads\/2024\/03\/Riskreporter-risk-report-now-1231x1536.png 1231w, https:\/\/www.riskreporter.eu\/wp-content\/uploads\/2024\/03\/Riskreporter-risk-report-now-565x705.png 565w\" sizes=\"(max-width: 1284px) 100vw, 1284px\" \/><\/div><\/div><\/div><\/div><div class='av-flex-placeholder'><\/div><div  class='flex_column av-cy0au7-3b9ad76e69c458d616237ee83bc90fdb av_two_third  avia-builder-el-21  el_after_av_one_third  avia-builder-el-last  vdlp-steps flex_column_table_cell av-equal-height-column av-align-middle  '     ><p>\n<style type=\"text\/css\" data-created_by=\"avia_inline_auto\" id=\"style-css-av-b97xz3-f72ed52f2493be3f1f48c378785fc748\">\n#top .av-special-heading.av-b97xz3-f72ed52f2493be3f1f48c378785fc748{\npadding-bottom:10px;\n}\nbody .av-special-heading.av-b97xz3-f72ed52f2493be3f1f48c378785fc748 .av-special-heading-tag .heading-char{\nfont-size:25px;\n}\n.av-special-heading.av-b97xz3-f72ed52f2493be3f1f48c378785fc748 .av-subheading{\nfont-size:15px;\n}\n<\/style>\n<div  class='av-special-heading av-b97xz3-f72ed52f2493be3f1f48c378785fc748 av-special-heading-h3 blockquote modern-quote  avia-builder-el-22  el_before_av_heading  avia-builder-el-first  av-linked-heading'><h3 class='av-special-heading-tag '  itemprop=\"headline\"  >D\u00e9marrez un essai gratuit de 30 jours<\/h3><div class='av-subheading av-subheading_below'><p>&#8211; Cr\u00e9ez un compte gratuit en ligne sur Riskreporter.<br \/>\n&#8211; Votre compte d&rsquo;essai gratuit de 30 jours est activ\u00e9. Il expirera automatiquement sans aucune obligation.<br \/>\n&#8211; T\u00e9l\u00e9chargez l&rsquo;appli Riskreporter sur votre smartphone et connectez-vous.<br \/>\n&#8211; N&rsquo;oubliez pas d&rsquo;impliquer vos principaux coll\u00e8gues.<\/p>\n<\/div><div class=\"special-heading-border\"><div class=\"special-heading-inner-border\"><\/div><\/div><\/div><br \/>\n\n<style type=\"text\/css\" data-created_by=\"avia_inline_auto\" id=\"style-css-av-8l62y7-ce347abe579aa843b59a30cef074d7fb\">\n#top .av-special-heading.av-8l62y7-ce347abe579aa843b59a30cef074d7fb{\npadding-bottom:10px;\n}\nbody .av-special-heading.av-8l62y7-ce347abe579aa843b59a30cef074d7fb .av-special-heading-tag .heading-char{\nfont-size:25px;\n}\n.av-special-heading.av-8l62y7-ce347abe579aa843b59a30cef074d7fb .av-subheading{\nfont-size:15px;\n}\n<\/style>\n<div  class='av-special-heading av-8l62y7-ce347abe579aa843b59a30cef074d7fb av-special-heading-h3 blockquote modern-quote  avia-builder-el-23  el_after_av_heading  el_before_av_heading  av-linked-heading'><h3 class='av-special-heading-tag '  itemprop=\"headline\"  >Discutez de vos besoins ?<\/h3><div class='av-subheading av-subheading_below'><p>D\u00e9cidez de la configuration de RiskManager au sein de votre organisation. D\u00e9terminez le nombre de Risk Managers (personnes responsables) et d\u2019utilisateurs requis. D\u00e9terminez \u00e9galement si vous souhaitez inclure des fonctions de tableau de bord et de reporting.<\/p>\n<\/div><div class=\"special-heading-border\"><div class=\"special-heading-inner-border\"><\/div><\/div><\/div><br \/>\n\n<style type=\"text\/css\" data-created_by=\"avia_inline_auto\" id=\"style-css-av-7t62db-d5c688a8c8f53cd3131093d852a1908a\">\n#top .av-special-heading.av-7t62db-d5c688a8c8f53cd3131093d852a1908a{\npadding-bottom:10px;\n}\nbody .av-special-heading.av-7t62db-d5c688a8c8f53cd3131093d852a1908a .av-special-heading-tag .heading-char{\nfont-size:25px;\n}\n.av-special-heading.av-7t62db-d5c688a8c8f53cd3131093d852a1908a .av-subheading{\nfont-size:15px;\n}\n<\/style>\n<div  class='av-special-heading av-7t62db-d5c688a8c8f53cd3131093d852a1908a av-special-heading-h3 blockquote modern-quote  avia-builder-el-24  el_after_av_heading  el_before_av_buttonrow  av-linked-heading'><h3 class='av-special-heading-tag '  itemprop=\"headline\"  >Lancer votre abonnement<\/h3><div class='av-subheading av-subheading_below'><p>Remplissez les d\u00e9tails de votre entreprise, et votre essai sera converti en un compte payant. Nous sommes heureux de vous aider \u00e0 faire le bon choix. Prenez rendez-vous pour discuter des possibilit\u00e9s. Quel que soit votre choix, Riskreporter est garanti d\u2019\u00eatre amorti plusieurs fois en un rien de temps.<\/p>\n<\/div><div class=\"special-heading-border\"><div class=\"special-heading-inner-border\"><\/div><\/div><\/div><br \/>\n<div  class='avia-buttonrow-wrap av-luwmrpcw-b48f721693bbdee31973f2e246c1a2e7 avia-buttonrow-left  avia-builder-el-25  el_after_av_heading  avia-builder-el-last '>\n\n<style type=\"text\/css\" data-created_by=\"avia_inline_auto\" id=\"style-css-av-luwmroy3-7407ebb1afe8b48f86c248792dd0e704\">\n#top #wrap_all .avia-button.av-luwmroy3-7407ebb1afe8b48f86c248792dd0e704{\nmargin-bottom:17px;\nmargin-right:17px;\n}\n<\/style>\n<a href='https:\/\/www.riskreporter.eu\/fr\/periode-dessai-gratuite\/'  class='avia-button av-luwmroy3-7407ebb1afe8b48f86c248792dd0e704 avia-icon_select-no avia-size-medium avia-color-theme-color'   aria-label=\"P\u00e9riode d\u2019essai gratuite\"><span class='avia_iconbox_title' >P\u00e9riode d\u2019essai gratuite<\/span><\/a>\n\n<style type=\"text\/css\" data-created_by=\"avia_inline_auto\" id=\"style-css-av-av_buttonrow_item-6bbe17531cc514249d6712246d8e3302\">\n#top #wrap_all .avia-button.av-av_buttonrow_item-6bbe17531cc514249d6712246d8e3302{\nmargin-bottom:17px;\nmargin-right:17px;\n}\n<\/style>\n<a href='https:\/\/www.riskreporter.eu\/fr\/periode-dessai-gratuite\/'  class='avia-button av-av_buttonrow_item-6bbe17531cc514249d6712246d8e3302 avia-icon_select-no avia-size-medium avia-color-light'   aria-label=\"Contactez moi\"><span class='avia_iconbox_title' >Contactez moi<\/span><\/a>\n<\/div><\/p><\/div><\/div><!--close column table wrapper. Autoclose: 1 -->\n<\/div><\/div><\/div><!-- close content main div --><\/div><\/div><div id='after_section_3'  class='main_color av_default_container_wrap container_wrap sidebar_right'  ><div class='container av-section-cont-open' ><div class='template-page content  av-content-small alpha units'><div class='post-entry post-entry-type-page post-entry-5121'><div class='entry-content-wrapper clearfix'>\n","protected":false},"excerpt":{"rendered":"","protected":false},"author":1,"featured_media":0,"parent":0,"menu_order":0,"comment_status":"closed","ping_status":"closed","template":"","meta":{"_acf_changed":false,"footnotes":""},"class_list":["post-5121","page","type-page","status-publish","hentry"],"acf":[],"_links":{"self":[{"href":"https:\/\/www.riskreporter.eu\/fr\/wp-json\/wp\/v2\/pages\/5121","targetHints":{"allow":["GET"]}}],"collection":[{"href":"https:\/\/www.riskreporter.eu\/fr\/wp-json\/wp\/v2\/pages"}],"about":[{"href":"https:\/\/www.riskreporter.eu\/fr\/wp-json\/wp\/v2\/types\/page"}],"author":[{"embeddable":true,"href":"https:\/\/www.riskreporter.eu\/fr\/wp-json\/wp\/v2\/users\/1"}],"replies":[{"embeddable":true,"href":"https:\/\/www.riskreporter.eu\/fr\/wp-json\/wp\/v2\/comments?post=5121"}],"version-history":[{"count":0,"href":"https:\/\/www.riskreporter.eu\/fr\/wp-json\/wp\/v2\/pages\/5121\/revisions"}],"wp:attachment":[{"href":"https:\/\/www.riskreporter.eu\/fr\/wp-json\/wp\/v2\/media?parent=5121"}],"curies":[{"name":"wp","href":"https:\/\/api.w.org\/{rel}","templated":true}]}}